{"id":128,"date":"2025-10-01T21:59:02","date_gmt":"2025-10-01T18:59:02","guid":{"rendered":"https:\/\/scentandsoul.fi\/?page_id=128"},"modified":"2026-02-26T13:28:43","modified_gmt":"2026-02-26T11:28:43","slug":"ohjelma","status":"publish","type":"page","link":"https:\/\/scentandsoul.fi\/?page_id=128","title":{"rendered":"Scent Talks"},"content":{"rendered":"\n<div class=\"wp-block-group alignfull is-style-section-5 has-global-padding is-layout-constrained wp-block-group-is-layout-constrained is-style-section-5--1\" style=\"margin-top:0;margin-bottom:0;padding-top:var(--wp--preset--spacing--60);padding-bottom:var(--wp--preset--spacing--60)\">\n<div class=\"wp-block-columns alignwide is-layout-flex wp-container-core-columns-is-layout-643ced6b wp-block-columns-is-layout-flex\">\n<div class=\"wp-block-column is-layout-flow wp-block-column-is-layout-flow\" style=\"flex-basis:40%\">\n<figure class=\"wp-block-image size-full is-style-rounded\"><img loading=\"lazy\" decoding=\"async\" width=\"1772\" height=\"1772\" src=\"https:\/\/scentandsoul.fi\/wp-content\/uploads\/2025\/11\/scent-and-soul_insta-12.jpg\" alt=\"\" class=\"wp-image-388\" style=\"aspect-ratio:1;object-fit:cover\" srcset=\"https:\/\/scentandsoul.fi\/wp-content\/uploads\/2025\/11\/scent-and-soul_insta-12.jpg 1772w, https:\/\/scentandsoul.fi\/wp-content\/uploads\/2025\/11\/scent-and-soul_insta-12-300x300.jpg 300w, https:\/\/scentandsoul.fi\/wp-content\/uploads\/2025\/11\/scent-and-soul_insta-12-1024x1024.jpg 1024w, https:\/\/scentandsoul.fi\/wp-content\/uploads\/2025\/11\/scent-and-soul_insta-12-150x150.jpg 150w, https:\/\/scentandsoul.fi\/wp-content\/uploads\/2025\/11\/scent-and-soul_insta-12-768x768.jpg 768w, https:\/\/scentandsoul.fi\/wp-content\/uploads\/2025\/11\/scent-and-soul_insta-12-1536x1536.jpg 1536w\" sizes=\"auto, (max-width: 1772px) 100vw, 1772px\" \/><\/figure>\n<\/div>\n\n\n\n<div class=\"wp-block-column is-vertically-aligned-center is-layout-flow wp-container-core-column-is-layout-119bc444 wp-block-column-is-layout-flow\" style=\"flex-basis:60%\">\n<h2 class=\"wp-block-heading has-x-large-font-size\">Sinulle, joka haluat tiet\u00e4\u00e4 tuoksuista kaiken!<\/h2>\n\n\n\n<p>Miten tuoksuaistimus syntyy? Vaikuttaako tuoksu siihen, millaisina koemme toiset ihmiset? Voiko tuoksua digitoida ja tulostaa?<\/p>\n\n\n\n<p>Muun muassa n\u00e4ihin kysymyksiin kuulet vastauksen Scent Talks -ohjelmalavalla, huippuasiantuntijoiden kertomana. N\u00e4it\u00e4 luentoja et halua j\u00e4tt\u00e4\u00e4 v\u00e4liin! Kaikki luennot p\u00e4\u00e4set kuulemaan Scent &amp; Soul -tapahtumassa sis\u00e4\u00e4np\u00e4\u00e4sylipun hinnalla.<\/p>\n\n\n\n<hr class=\"wp-block-separator has-alpha-channel-opacity\"\/>\n\n\n\n<h2 class=\"wp-block-heading has-x-large-font-size\">For you who want to know everything about fragrance!<\/h2>\n\n\n\n<p>How is a scent perception formed? Does fragrance influence how we perceive other people? Can scent be digitized and printed?<\/p>\n\n\n\n<p>These and many other questions will be answered on the Scent Talks program stage by top experts.<\/p>\n\n\n\n<p>Please note: Scent Talks lectures are held in Finnish.<\/p>\n<\/div>\n<\/div>\n<\/div>\n\n\n\n<div class=\"wp-block-group alignfull is-style-default has-global-padding is-layout-constrained wp-container-core-group-is-layout-ebee8dc1 wp-block-group-is-layout-constrained\" style=\"margin-top:0;margin-bottom:0;padding-top:var(--wp--preset--spacing--50);padding-bottom:var(--wp--preset--spacing--50)\">\n<h2 class=\"wp-block-heading alignwide\">Scent Talks \u2013 puhujat \/ speakers<\/h2>\n\n\n\n<div class=\"wp-block-columns alignwide is-layout-flex wp-container-core-columns-is-layout-28f84493 wp-block-columns-is-layout-flex\">\n<div class=\"wp-block-column is-layout-flow wp-block-column-is-layout-flow\">\n<figure class=\"wp-block-image size-large\"><img loading=\"lazy\" decoding=\"async\" width=\"1024\" height=\"768\" src=\"https:\/\/scentandsoul.fi\/wp-content\/uploads\/2025\/10\/Ari-luennoi-edited-2-1024x768.jpg\" alt=\"\" class=\"wp-image-157\" srcset=\"https:\/\/scentandsoul.fi\/wp-content\/uploads\/2025\/10\/Ari-luennoi-edited-2-1024x768.jpg 1024w, https:\/\/scentandsoul.fi\/wp-content\/uploads\/2025\/10\/Ari-luennoi-edited-2-300x225.jpg 300w, https:\/\/scentandsoul.fi\/wp-content\/uploads\/2025\/10\/Ari-luennoi-edited-2-768x576.jpg 768w, https:\/\/scentandsoul.fi\/wp-content\/uploads\/2025\/10\/Ari-luennoi-edited-2.jpg 1142w\" sizes=\"auto, (max-width: 1024px) 100vw, 1024px\" \/><\/figure>\n\n\n\n<h3 class=\"wp-block-heading\">Ari Turunen<\/h3>\n\n\n\n<p class=\"is-style-default has-small-font-size\">VTL, tietokirjailija,<br>Turvallinen aromaterapia ry:n varapj<\/p>\n\n\n\n<h2 class=\"wp-block-heading has-medium-font-size\">Scent &amp; Soul -tapahtuman alustuspuheenvuoro: Uskoa vai ylellisyytt\u00e4? Tarina savusta parfyymeihin<\/h2>\n\n\n\n<p class=\"has-large-font-size\">Klo 10.30<br>(n. 20 min.)<\/p>\n\n\n\n<p class=\"has-medium-font-size\">Ari Turunen on kirjoittanut 15 tietokirjaa, joita on k\u00e4\u00e4nnetty 14 eri kielelle. H\u00e4n on my\u00f6s ty\u00f6skennellyt biol\u00e4\u00e4ketieteen <a href=\"https:\/\/www.elixir-finland.org\">ELIXIR-tutkimusinfrastruktuurissa<\/a>.<\/p>\n\n\n\n<p class=\"has-medium-font-size\">Turunen on kirjoittanut useita artikkeleita molekyylil\u00e4\u00e4ketieteest\u00e4 sek\u00e4 luonnonkosmetiikasta. L\u00e4hes 300-sivuisessa neliv\u00e4riteoksessa Tuoksujen atlas Turunen esittelee 65 parfyymeiss\u00e4 k\u00e4ytetty\u00e4 raaka-ainetta ymp\u00e4ri maailmaa.<\/p>\n\n\n\n<p class=\"has-medium-font-size\">Rohtojen atlas (2025) on itsen\u00e4inen jatko-osa Tuoksujen atlakselle. Se k\u00e4sittelee bioaktiivisia yhdisteit\u00e4, kuten alkaloideja.<\/p>\n<\/div>\n\n\n\n<div class=\"wp-block-column is-layout-flow wp-block-column-is-layout-flow\">\n<figure class=\"wp-block-image size-full is-resized\"><img loading=\"lazy\" decoding=\"async\" width=\"150\" height=\"226\" src=\"https:\/\/scentandsoul.fi\/wp-content\/uploads\/2026\/02\/Image-2.jpeg\" alt=\"\" class=\"wp-image-641\" style=\"aspect-ratio:4\/3;object-fit:contain;width:347px;height:auto\"\/><\/figure>\n\n\n\n<h3 class=\"wp-block-heading\">Terttu Saksala<\/h3>\n\n\n\n<p class=\"is-style-default has-small-font-size\">Aromaterapiakouluttaja, aromaterapeutti ja hyvinvoinnin valmentaja<\/p>\n\n\n\n<h2 class=\"wp-block-heading has-medium-font-size\">Tuoksut ja tunteiden kohtaaminen<\/h2>\n\n\n\n<p>Klo 11.30<\/p>\n\n\n\n<p class=\"has-medium-font-size\">Voivatko tuoksut auttaa sinua pys\u00e4htym\u00e4\u00e4n, rauhoittumaan ja kohtaamaan omia tunteitasi?<\/p>\n\n\n\n<p class=\"has-medium-font-size\">Aromaterapeutti, aromaterapiakouluttaja Terttu Saksalan luennolla tutustutaan eteeristen \u00f6ljyjen maailmaan tunne- ja kehotietoisuuden n\u00e4k\u00f6kulmasta. Opit, kuinka tuoksuja voidaan hy\u00f6dynt\u00e4\u00e4 arjessa tukemaan rentoutumista, l\u00e4sn\u00e4oloa ja oman sis\u00e4isen kokemuksen havainnointia.<\/p>\n\n\n\n<p class=\"has-medium-font-size\">Luento tarjoaa n\u00e4k\u00f6kulmia tuoksujen ja tunteiden yhteyteen sek\u00e4 k\u00e4yt\u00e4nn\u00f6n esimerkkej\u00e4 eteeristen \u00f6ljyjen turvallisesta k\u00e4yt\u00f6st\u00e4 hyvinvoinnin tukena. Saat my\u00f6s oivalluksia siit\u00e4, millaisiin tunnetiloihin eri tuoksuja perinteisesti liitet\u00e4\u00e4n.<\/p>\n<\/div>\n\n\n\n<div class=\"wp-block-column is-layout-flow wp-block-column-is-layout-flow\">\n<figure class=\"wp-block-image size-full\"><img loading=\"lazy\" decoding=\"async\" width=\"1280\" height=\"1098\" src=\"https:\/\/scentandsoul.fi\/wp-content\/uploads\/2025\/10\/Jari-Tuominen.png\" alt=\"\" class=\"wp-image-194\" style=\"aspect-ratio:4\/3;object-fit:cover\" srcset=\"https:\/\/scentandsoul.fi\/wp-content\/uploads\/2025\/10\/Jari-Tuominen.png 1280w, https:\/\/scentandsoul.fi\/wp-content\/uploads\/2025\/10\/Jari-Tuominen-300x257.png 300w, https:\/\/scentandsoul.fi\/wp-content\/uploads\/2025\/10\/Jari-Tuominen-1024x878.png 1024w, https:\/\/scentandsoul.fi\/wp-content\/uploads\/2025\/10\/Jari-Tuominen-768x659.png 768w\" sizes=\"auto, (max-width: 1280px) 100vw, 1280px\" \/><\/figure>\n\n\n\n<h3 class=\"wp-block-heading\">Jari Tuominen<\/h3>\n\n\n\n<p class=\"has-small-font-size\">FT, kemia<\/p>\n\n\n\n<h2 class=\"wp-block-heading has-medium-font-size\">Tuoksun anatomia \u2013 molekyylin matka mieleen<\/h2>\n\n\n\n<p>Klo 13.00<\/p>\n\n\n\n<p class=\"has-medium-font-size\">Jari Tuominen on analyyttisen kemian tutkija, joka on ty\u00f6skennellyt VTT:ss\u00e4, vierailevana tutkijana Brigham Young -yliopistossa Yhdysvalloissa sek\u00e4 NIMC-instituutissa Tsukubassa, Japanissa. H\u00e4n on my\u00f6s patentoidun Savu-lasin kehitt\u00e4j\u00e4 ja patentinhaltija.<\/p>\n\n\n\n<p class=\"has-medium-font-size\">Tuomisen luennon aiheena on Tuoksuaistimuksen fysiologia ja tuoksujen kemia.<\/p>\n<\/div>\n<\/div>\n\n\n\n<div style=\"height:10px\" aria-hidden=\"true\" class=\"wp-block-spacer\"><\/div>\n<\/div>\n\n\n\n<div class=\"wp-block-group alignfull is-style-default has-global-padding is-layout-constrained wp-container-core-group-is-layout-ebee8dc1 wp-block-group-is-layout-constrained\" style=\"margin-top:0;margin-bottom:0;padding-top:var(--wp--preset--spacing--50);padding-bottom:var(--wp--preset--spacing--50)\">\n<div class=\"wp-block-columns alignwide is-layout-flex wp-container-core-columns-is-layout-28f84493 wp-block-columns-is-layout-flex\">\n<div class=\"wp-block-column is-layout-flow wp-block-column-is-layout-flow\">\n<figure class=\"wp-block-image size-large\"><img loading=\"lazy\" decoding=\"async\" width=\"1024\" height=\"473\" src=\"https:\/\/scentandsoul.fi\/wp-content\/uploads\/2025\/10\/Veikko-Surakka_artikkelikuva-1366x631-1-1024x473.png\" alt=\"\" class=\"wp-image-165\" style=\"aspect-ratio:4\/3;object-fit:cover\" srcset=\"https:\/\/scentandsoul.fi\/wp-content\/uploads\/2025\/10\/Veikko-Surakka_artikkelikuva-1366x631-1-1024x473.png 1024w, https:\/\/scentandsoul.fi\/wp-content\/uploads\/2025\/10\/Veikko-Surakka_artikkelikuva-1366x631-1-300x139.png 300w, https:\/\/scentandsoul.fi\/wp-content\/uploads\/2025\/10\/Veikko-Surakka_artikkelikuva-1366x631-1-768x355.png 768w, https:\/\/scentandsoul.fi\/wp-content\/uploads\/2025\/10\/Veikko-Surakka_artikkelikuva-1366x631-1.png 1366w\" sizes=\"auto, (max-width: 1024px) 100vw, 1024px\" \/><\/figure>\n\n\n\n<h3 class=\"wp-block-heading\">Veikko Surakka<\/h3>\n\n\n\n<p class=\"has-small-font-size\">Professori, vuorovaikutteinen teknologia,<br>Tampereen yliopisto, FT<\/p>\n\n\n\n<h2 class=\"wp-block-heading has-medium-font-size\">Mit\u00e4 ovat digitaaliset tuoksut?<br>What are digital scents?<\/h2>\n\n\n\n<p>Klo 14.30<\/p>\n\n\n\n<p class=\"has-medium-font-size\">Veikko Surakka johtaa Tampereen yliopiston <em>Emotions, Sociality, and Computing<\/em> -tutkimusryhm\u00e4\u00e4, joka tutkii tunteiden, kognition ja vuorovaikutuksen merkityst\u00e4 ihmisten ja teknologian v\u00e4lill\u00e4.<\/p>\n\n\n\n<p class=\"has-medium-font-size\">Monitieteinen tutkimus yhdist\u00e4\u00e4 osaamista psykologiasta, tietojenk\u00e4sittelyst\u00e4, tekniikasta ja biol\u00e4\u00e4ketieteest\u00e4. Surakan ryhm\u00e4 on yli kymmenen vuoden ajan kehitt\u00e4nyt teknologioita, jotka digitoivat tuoksuja ja mahdollistavat niiden \u201dtulostamisen\u201d osaksi virtuaalitodellisuutta ja moniaistista ihmisen ja teknologian vuorovaikutusta.<\/p>\n\n\n\n<details class=\"wp-block-details is-layout-flow wp-block-details-is-layout-flow\"><summary>Read more<\/summary>\n<p class=\"has-medium-font-size\">Veikko Surakka leads the <em>Emotions, Sociality, and Computing<\/em> research group at Tampere University, which studies the role of emotions, cognition, and interaction in the relationship between humans and technology.<\/p>\n\n\n\n<p class=\"has-medium-font-size\">This multidisciplinary research combines expertise from psychology, computer science, engineering, and biomedicine. For over a decade, Surakka\u2019s group has been developing technologies that digitise scents and enable them to be \u201cprinted\u201d as part of virtual reality and multisensory human\u2013technology interaction.<\/p>\n<\/details>\n\n\n\n<p><strong>T\u00e4m\u00e4 luento on englanniksi! This Talk is in English!<\/strong><\/p>\n<\/div>\n\n\n\n<div class=\"wp-block-column is-layout-flow wp-block-column-is-layout-flow\">\n<figure class=\"wp-block-image size-full\" style=\"margin-bottom:24px\"><img loading=\"lazy\" decoding=\"async\" width=\"2048\" height=\"1536\" src=\"https:\/\/scentandsoul.fi\/wp-content\/uploads\/2025\/10\/Marjo-Poutanen.jpg\" alt=\"\" class=\"wp-image-151\" style=\"aspect-ratio:4\/3;object-fit:cover\" srcset=\"https:\/\/scentandsoul.fi\/wp-content\/uploads\/2025\/10\/Marjo-Poutanen.jpg 2048w, https:\/\/scentandsoul.fi\/wp-content\/uploads\/2025\/10\/Marjo-Poutanen-300x225.jpg 300w, https:\/\/scentandsoul.fi\/wp-content\/uploads\/2025\/10\/Marjo-Poutanen-1024x768.jpg 1024w, https:\/\/scentandsoul.fi\/wp-content\/uploads\/2025\/10\/Marjo-Poutanen-768x576.jpg 768w, https:\/\/scentandsoul.fi\/wp-content\/uploads\/2025\/10\/Marjo-Poutanen-1536x1152.jpg 1536w\" sizes=\"auto, (max-width: 2048px) 100vw, 2048px\" \/><\/figure>\n\n\n\n<h3 class=\"wp-block-heading\">Marjo Poutanen<\/h3>\n\n\n\n<p class=\"is-style-default has-small-font-size\">Yliopettaja, kemisti, FT<\/p>\n\n\n\n<h2 class=\"wp-block-heading has-medium-font-size\">Tuoksujen ja havaintojen yhteys \u2013 n\u00e4in tuoksut muokkaavat ensivaikutelmaa ja vetovoimaa<\/h2>\n\n\n\n<p class=\"has-large-font-size\">Klo 16.30<\/p>\n\n\n\n<p class=\"has-medium-font-size\">Marjo Poutasen kemian tuntemus on vienyt h\u00e4net moniin kiinnostaviin teht\u00e4viin. Viimeiset seitsem\u00e4n vuotta Marjo on vet\u00e4nyt yliopettajana Pohjoismaiden ainoaa kosmetiikka-alan maisteritasoista koulutusta.<\/p>\n\n\n\n<p class=\"has-medium-font-size\">Marjo on tuoksuentusiasti. H\u00e4nen luennossaan pohditaan, mit\u00e4 tuoksut synnytt\u00e4v\u00e4t meiss\u00e4 ja miten hajuaistimus linkittyy muihin aisteihin ja havaintoihin.<\/p>\n<\/div>\n\n\n\n<div class=\"wp-block-column is-layout-flow wp-block-column-is-layout-flow\"><\/div>\n<\/div>\n\n\n\n<div style=\"height:10px\" aria-hidden=\"true\" class=\"wp-block-spacer\"><\/div>\n<\/div>\n\n\n\n<p class=\"has-small-font-size\"><strong>Ohjelmamuutokset ovat mahdollisia. &nbsp;\/ Changes to the program are possible.<\/strong><\/p>\n\n\n\n<hr class=\"wp-block-separator has-alpha-channel-opacity\"\/>\n\n\n\n<div style=\"height:20px\" aria-hidden=\"true\" class=\"wp-block-spacer\"><\/div>\n\n\n\n<p id=\"tilaauutiskirje\"><\/p>\n\n\n\n<p><!-- Begin Mailchimp Signup Form --><\/p>\n<div id=\"mc_embed_signup\"><form id=\"mc-embedded-subscribe-form\" class=\"validate\" action=\"https:\/\/scentandsoul.us9.list-manage.com\/subscribe\/post?u=e992117cd58796ba7dc46d931&amp;id=9bc362f116&amp;f_id=0082c8e1f0\" method=\"post\" name=\"mc-embedded-subscribe-form\" target=\"_blank\">\n<div id=\"mc_embed_signup_scroll\">\n<h2>Tilaa uutiskirje<\/h2>\n<div class=\"mc-field-group\"><label for=\"mce-EMAIL\">S\u00e4hk\u00f6posti <span class=\"asterisk\">*<\/span><\/label><br \/><input id=\"mce-EMAIL\" class=\"required email\" name=\"EMAIL\" required=\"\" type=\"email\" \/><\/div>\n<div class=\"mc-field-group\"><label for=\"mce-FNAME\">Nimi<\/label><br \/><input id=\"mce-FNAME\" class=\"text\" name=\"FNAME\" type=\"text\" \/><\/div>\n<p><!-- Tag hidden field --><br \/><input name=\"tags\" type=\"hidden\" value=\"69554\" \/><\/p>\n<p><!-- Kiitossivulle ohjaus --><br \/><input name=\"redirect\" type=\"hidden\" value=\"https:\/\/scentandsoul.fi\/?page_id=28\" \/><\/p>\n<div id=\"mce-responses\" class=\"clear foot\">\n<div id=\"mce-error-response\" class=\"response\" style=\"display: none;\">\u00a0<\/div>\n<div id=\"mce-success-response\" class=\"response\" style=\"display: none;\">\u00a0<\/div>\n<\/div>\n<p><!-- Anti-bot field --><\/p>\n<div style=\"position: absolute; left: -5000px;\" aria-hidden=\"true\"><input tabindex=\"-1\" name=\"b_e992117cd58796ba7dc46d931_9bc362f116\" type=\"text\" value=\"\" \/><\/div>\n<div class=\"optionalParent\">\n<div class=\"clear foot\"><input id=\"mc-embedded-subscribe\" class=\"button\" name=\"subscribe\" type=\"submit\" value=\"Tilaa\" \/><\/div>\n<\/div>\n<\/div>\n<\/form><\/div>\n<p><!-- Minimal black & white styling without border --><\/p>\n<p><style type=\"text\/css\">\n  #mc_embed_signup {<br \/>\n    background:#fff;<br \/>\n    font:14px Helvetica,Arial,sans-serif;<br \/>\n    width:100%;<br \/>\n    max-width:400px;<br \/>\n    padding:20px;<br \/>\n  }<br \/>\n  #mc_embed_signup h2 {<br \/>\n    font-size:18px;<br \/>\n    margin-bottom:15px;<br \/>\n    color:#000;<br \/>\n  }<br \/>\n  #mc_embed_signup label {<br \/>\n    font-weight:bold;<br \/>\n    color:#000;<br \/>\n  }<br \/>\n  #mc_embed_signup input[type=email],<br \/>\n  #mc_embed_signup input[type=text] {<br \/>\n    width:100%;<br \/>\n    padding:8px;<br \/>\n    border:1px solid #000;<br \/>\n    border-radius:4px;<br \/>\n    margin-bottom:12px;<br \/>\n  }<br \/>\n  #mc_embed_signup .button {<br \/>\n    background:#000;<br \/>\n    color:#fff;<br \/>\n    padding:10px 20px;<br \/>\n    border:none;<br \/>\n    border-radius:4px;<br \/>\n    cursor:pointer;<br \/>\n    font-weight:bold;<br \/>\n  }<br \/>\n  #mc_embed_signup .button:hover {<br \/>\n    background:#444;<br \/>\n  }<br \/>\n<\/style><\/p>\n<p><!--End mc_embed_signup--><\/p>\n\n\n\n<p class=\"has-small-font-size\">Arvostamme yksityisyytt\u00e4si. Tietojasi ei luovuteta ulkopuolisille. Voit poistua s\u00e4hk\u00f6postilistalta milloin haluat.<\/p>\n","protected":false},"excerpt":{"rendered":"<p>Sinulle, joka haluat tiet\u00e4\u00e4 tuoksuista kaiken! Miten tuoksuaistimus syntyy? Vaikuttaako tuoksu siihen, millaisina koemme toiset ihmiset? Voiko tuoksua digitoida ja tulostaa? Muun muassa n\u00e4ihin kysymyksiin kuulet vastauksen Scent Talks -ohjelmalavalla, huippuasiantuntijoiden kertomana. N\u00e4it\u00e4 luentoja et halua j\u00e4tt\u00e4\u00e4 v\u00e4liin! Kaikki luennot p\u00e4\u00e4set kuulemaan Scent &amp; Soul -tapahtumassa sis\u00e4\u00e4np\u00e4\u00e4sylipun hinnalla. For you who want to know everything [&hellip;]<\/p>\n","protected":false},"author":2,"featured_media":0,"parent":0,"menu_order":0,"comment_status":"closed","ping_status":"closed","template":"","meta":{"iawp_total_views":801,"footnotes":""},"class_list":["post-128","page","type-page","status-publish","hentry"],"yoast_head":"<!-- This site is optimized with the Yoast SEO plugin v27.4 - https:\/\/yoast.com\/product\/yoast-seo-wordpress\/ -->\n<title>Scent Talks - Scent&amp;Soul 2026 \/ Lauantai - Saturday 21.3.2026<\/title>\n<meta name=\"description\" content=\"Tervetuloa kuuntelemaan tuoksuasiantuntijoiden kiehtovia ja yll\u00e4tt\u00e4vi\u00e4 luentoja Scent Talks -ohjelmalavalle.\" \/>\n<meta name=\"robots\" content=\"index, follow, max-snippet:-1, max-image-preview:large, max-video-preview:-1\" \/>\n<link rel=\"canonical\" href=\"https:\/\/scentandsoul.fi\/?page_id=128\" \/>\n<meta property=\"og:locale\" content=\"fi_FI\" \/>\n<meta property=\"og:type\" content=\"article\" \/>\n<meta property=\"og:title\" content=\"Scent Talks - Scent&amp;Soul 2026 \/ Lauantai - Saturday 21.3.2026\" \/>\n<meta property=\"og:description\" content=\"Tervetuloa kuuntelemaan tuoksuasiantuntijoiden kiehtovia ja yll\u00e4tt\u00e4vi\u00e4 luentoja Scent Talks -ohjelmalavalle.\" \/>\n<meta property=\"og:url\" content=\"https:\/\/scentandsoul.fi\/?page_id=128\" \/>\n<meta property=\"og:site_name\" content=\"Scent&amp;Soul 2026 \/ Lauantai - Saturday 21.3.2026\" \/>\n<meta property=\"article:modified_time\" content=\"2026-02-26T11:28:43+00:00\" \/>\n<meta property=\"og:image\" content=\"https:\/\/scentandsoul.fi\/wp-content\/uploads\/2025\/11\/scent-and-soul_insta-12.jpg\" \/>\n\t<meta property=\"og:image:width\" content=\"1772\" \/>\n\t<meta property=\"og:image:height\" content=\"1772\" \/>\n\t<meta property=\"og:image:type\" content=\"image\/jpeg\" \/>\n<meta name=\"twitter:card\" content=\"summary_large_image\" \/>\n<meta name=\"twitter:label1\" content=\"Arvioitu lukuaika\" \/>\n\t<meta name=\"twitter:data1\" content=\"5 minuuttia\" \/>\n<script type=\"application\/ld+json\" class=\"yoast-schema-graph\">{\"@context\":\"https:\\\/\\\/schema.org\",\"@graph\":[{\"@type\":\"WebPage\",\"@id\":\"https:\\\/\\\/scentandsoul.fi\\\/?page_id=128\",\"url\":\"https:\\\/\\\/scentandsoul.fi\\\/?page_id=128\",\"name\":\"Scent Talks - Scent&amp;Soul 2026 \\\/ Lauantai - Saturday 21.3.2026\",\"isPartOf\":{\"@id\":\"https:\\\/\\\/scentandsoul.fi\\\/#website\"},\"primaryImageOfPage\":{\"@id\":\"https:\\\/\\\/scentandsoul.fi\\\/?page_id=128#primaryimage\"},\"image\":{\"@id\":\"https:\\\/\\\/scentandsoul.fi\\\/?page_id=128#primaryimage\"},\"thumbnailUrl\":\"https:\\\/\\\/scentandsoul.fi\\\/wp-content\\\/uploads\\\/2025\\\/11\\\/scent-and-soul_insta-12.jpg\",\"datePublished\":\"2025-10-01T18:59:02+00:00\",\"dateModified\":\"2026-02-26T11:28:43+00:00\",\"description\":\"Tervetuloa kuuntelemaan tuoksuasiantuntijoiden kiehtovia ja yll\u00e4tt\u00e4vi\u00e4 luentoja Scent Talks -ohjelmalavalle.\",\"breadcrumb\":{\"@id\":\"https:\\\/\\\/scentandsoul.fi\\\/?page_id=128#breadcrumb\"},\"inLanguage\":\"fi\",\"potentialAction\":[{\"@type\":\"ReadAction\",\"target\":[\"https:\\\/\\\/scentandsoul.fi\\\/?page_id=128\"]}]},{\"@type\":\"ImageObject\",\"inLanguage\":\"fi\",\"@id\":\"https:\\\/\\\/scentandsoul.fi\\\/?page_id=128#primaryimage\",\"url\":\"https:\\\/\\\/scentandsoul.fi\\\/wp-content\\\/uploads\\\/2025\\\/11\\\/scent-and-soul_insta-12.jpg\",\"contentUrl\":\"https:\\\/\\\/scentandsoul.fi\\\/wp-content\\\/uploads\\\/2025\\\/11\\\/scent-and-soul_insta-12.jpg\",\"width\":1772,\"height\":1772},{\"@type\":\"BreadcrumbList\",\"@id\":\"https:\\\/\\\/scentandsoul.fi\\\/?page_id=128#breadcrumb\",\"itemListElement\":[{\"@type\":\"ListItem\",\"position\":1,\"name\":\"Etusivu\",\"item\":\"https:\\\/\\\/scentandsoul.fi\\\/\"},{\"@type\":\"ListItem\",\"position\":2,\"name\":\"Scent Talks\"}]},{\"@type\":\"WebSite\",\"@id\":\"https:\\\/\\\/scentandsoul.fi\\\/#website\",\"url\":\"https:\\\/\\\/scentandsoul.fi\\\/\",\"name\":\"Scent&amp;Soul 2026 \\\/ Lauantai - Saturday 21.3.2026\",\"description\":\"Tuoksutapahtuma H&ouml;gforsin ruukissa\",\"potentialAction\":[{\"@type\":\"SearchAction\",\"target\":{\"@type\":\"EntryPoint\",\"urlTemplate\":\"https:\\\/\\\/scentandsoul.fi\\\/?s={search_term_string}\"},\"query-input\":{\"@type\":\"PropertyValueSpecification\",\"valueRequired\":true,\"valueName\":\"search_term_string\"}}],\"inLanguage\":\"fi\"}]}<\/script>\n<!-- \/ Yoast SEO plugin. -->","yoast_head_json":{"title":"Scent Talks - Scent&amp;Soul 2026 \/ Lauantai - Saturday 21.3.2026","description":"Tervetuloa kuuntelemaan tuoksuasiantuntijoiden kiehtovia ja yll\u00e4tt\u00e4vi\u00e4 luentoja Scent Talks -ohjelmalavalle.","robots":{"index":"index","follow":"follow","max-snippet":"max-snippet:-1","max-image-preview":"max-image-preview:large","max-video-preview":"max-video-preview:-1"},"canonical":"https:\/\/scentandsoul.fi\/?page_id=128","og_locale":"fi_FI","og_type":"article","og_title":"Scent Talks - Scent&amp;Soul 2026 \/ Lauantai - Saturday 21.3.2026","og_description":"Tervetuloa kuuntelemaan tuoksuasiantuntijoiden kiehtovia ja yll\u00e4tt\u00e4vi\u00e4 luentoja Scent Talks -ohjelmalavalle.","og_url":"https:\/\/scentandsoul.fi\/?page_id=128","og_site_name":"Scent&amp;Soul 2026 \/ Lauantai - Saturday 21.3.2026","article_modified_time":"2026-02-26T11:28:43+00:00","og_image":[{"width":1772,"height":1772,"url":"https:\/\/scentandsoul.fi\/wp-content\/uploads\/2025\/11\/scent-and-soul_insta-12.jpg","type":"image\/jpeg"}],"twitter_card":"summary_large_image","twitter_misc":{"Arvioitu lukuaika":"5 minuuttia"},"schema":{"@context":"https:\/\/schema.org","@graph":[{"@type":"WebPage","@id":"https:\/\/scentandsoul.fi\/?page_id=128","url":"https:\/\/scentandsoul.fi\/?page_id=128","name":"Scent Talks - Scent&amp;Soul 2026 \/ Lauantai - Saturday 21.3.2026","isPartOf":{"@id":"https:\/\/scentandsoul.fi\/#website"},"primaryImageOfPage":{"@id":"https:\/\/scentandsoul.fi\/?page_id=128#primaryimage"},"image":{"@id":"https:\/\/scentandsoul.fi\/?page_id=128#primaryimage"},"thumbnailUrl":"https:\/\/scentandsoul.fi\/wp-content\/uploads\/2025\/11\/scent-and-soul_insta-12.jpg","datePublished":"2025-10-01T18:59:02+00:00","dateModified":"2026-02-26T11:28:43+00:00","description":"Tervetuloa kuuntelemaan tuoksuasiantuntijoiden kiehtovia ja yll\u00e4tt\u00e4vi\u00e4 luentoja Scent Talks -ohjelmalavalle.","breadcrumb":{"@id":"https:\/\/scentandsoul.fi\/?page_id=128#breadcrumb"},"inLanguage":"fi","potentialAction":[{"@type":"ReadAction","target":["https:\/\/scentandsoul.fi\/?page_id=128"]}]},{"@type":"ImageObject","inLanguage":"fi","@id":"https:\/\/scentandsoul.fi\/?page_id=128#primaryimage","url":"https:\/\/scentandsoul.fi\/wp-content\/uploads\/2025\/11\/scent-and-soul_insta-12.jpg","contentUrl":"https:\/\/scentandsoul.fi\/wp-content\/uploads\/2025\/11\/scent-and-soul_insta-12.jpg","width":1772,"height":1772},{"@type":"BreadcrumbList","@id":"https:\/\/scentandsoul.fi\/?page_id=128#breadcrumb","itemListElement":[{"@type":"ListItem","position":1,"name":"Etusivu","item":"https:\/\/scentandsoul.fi\/"},{"@type":"ListItem","position":2,"name":"Scent Talks"}]},{"@type":"WebSite","@id":"https:\/\/scentandsoul.fi\/#website","url":"https:\/\/scentandsoul.fi\/","name":"Scent&amp;Soul 2026 \/ Lauantai - Saturday 21.3.2026","description":"Tuoksutapahtuma H&ouml;gforsin ruukissa","potentialAction":[{"@type":"SearchAction","target":{"@type":"EntryPoint","urlTemplate":"https:\/\/scentandsoul.fi\/?s={search_term_string}"},"query-input":{"@type":"PropertyValueSpecification","valueRequired":true,"valueName":"search_term_string"}}],"inLanguage":"fi"}]}},"_links":{"self":[{"href":"https:\/\/scentandsoul.fi\/index.php?rest_route=\/wp\/v2\/pages\/128","targetHints":{"allow":["GET"]}}],"collection":[{"href":"https:\/\/scentandsoul.fi\/index.php?rest_route=\/wp\/v2\/pages"}],"about":[{"href":"https:\/\/scentandsoul.fi\/index.php?rest_route=\/wp\/v2\/types\/page"}],"author":[{"embeddable":true,"href":"https:\/\/scentandsoul.fi\/index.php?rest_route=\/wp\/v2\/users\/2"}],"replies":[{"embeddable":true,"href":"https:\/\/scentandsoul.fi\/index.php?rest_route=%2Fwp%2Fv2%2Fcomments&post=128"}],"version-history":[{"count":40,"href":"https:\/\/scentandsoul.fi\/index.php?rest_route=\/wp\/v2\/pages\/128\/revisions"}],"predecessor-version":[{"id":653,"href":"https:\/\/scentandsoul.fi\/index.php?rest_route=\/wp\/v2\/pages\/128\/revisions\/653"}],"wp:attachment":[{"href":"https:\/\/scentandsoul.fi\/index.php?rest_route=%2Fwp%2Fv2%2Fmedia&parent=128"}],"curies":[{"name":"wp","href":"https:\/\/api.w.org\/{rel}","templated":true}]}}