{"id":286,"date":"2025-11-18T12:18:51","date_gmt":"2025-11-18T10:18:51","guid":{"rendered":"https:\/\/scentandsoul.fi\/?page_id=286"},"modified":"2025-12-17T10:27:08","modified_gmt":"2025-12-17T08:27:08","slug":"perfume-bazar","status":"publish","type":"page","link":"https:\/\/scentandsoul.fi\/?page_id=286","title":{"rendered":"Perfume Bazar"},"content":{"rendered":"\n<div class=\"wp-block-group alignfull is-style-section-5 has-global-padding is-layout-constrained wp-block-group-is-layout-constrained is-style-section-5--1\" style=\"margin-top:0;margin-bottom:0;padding-top:var(--wp--preset--spacing--60);padding-bottom:var(--wp--preset--spacing--60)\">\n<div class=\"wp-block-columns alignwide is-layout-flex wp-container-core-columns-is-layout-643ced6b wp-block-columns-is-layout-flex\">\n<div class=\"wp-block-column is-layout-flow wp-block-column-is-layout-flow\" style=\"flex-basis:40%\">\n<figure class=\"wp-block-image size-full is-style-rounded\"><img loading=\"lazy\" decoding=\"async\" width=\"512\" height=\"512\" src=\"https:\/\/scentandsoul.fi\/wp-content\/uploads\/2025\/11\/cropped-SS-logo-1000-kt.png\" alt=\"\" class=\"wp-image-350\" style=\"aspect-ratio:1;object-fit:cover\" srcset=\"https:\/\/scentandsoul.fi\/wp-content\/uploads\/2025\/11\/cropped-SS-logo-1000-kt.png 512w, https:\/\/scentandsoul.fi\/wp-content\/uploads\/2025\/11\/cropped-SS-logo-1000-kt-300x300.png 300w, https:\/\/scentandsoul.fi\/wp-content\/uploads\/2025\/11\/cropped-SS-logo-1000-kt-150x150.png 150w, https:\/\/scentandsoul.fi\/wp-content\/uploads\/2025\/11\/cropped-SS-logo-1000-kt-270x270.png 270w, https:\/\/scentandsoul.fi\/wp-content\/uploads\/2025\/11\/cropped-SS-logo-1000-kt-192x192.png 192w, https:\/\/scentandsoul.fi\/wp-content\/uploads\/2025\/11\/cropped-SS-logo-1000-kt-180x180.png 180w, https:\/\/scentandsoul.fi\/wp-content\/uploads\/2025\/11\/cropped-SS-logo-1000-kt-32x32.png 32w\" sizes=\"auto, (max-width: 512px) 100vw, 512px\" \/><\/figure>\n<\/div>\n\n\n\n<div class=\"wp-block-column is-vertically-aligned-center is-layout-flow wp-container-core-column-is-layout-119bc444 wp-block-column-is-layout-flow\" style=\"flex-basis:60%\">\n<h2 class=\"wp-block-heading has-x-large-font-size\">Osta, vaihda ja myy<\/h2>\n\n\n\n<p>Perfume Bazar on tuoksuharrastajien kirpputori, jolla voit tehd\u00e4 second hand -tuoksul\u00f6yt\u00f6j\u00e4. Tapaa samanhenkisi\u00e4 tuoksuintoilijoita, jaa kokemuksia ja keskustele.<\/p>\n\n\n\n<h2 class=\"wp-block-heading has-x-large-font-size\">Buy, swap and sell<\/h2>\n\n\n\n<p>Perfume Bazar is a flea market for fragrance enthusiasts, where you can make second-hand discoveries. Meet like-minded scent lovers, share experiences and join the conversation.<br><\/p>\n<\/div>\n<\/div>\n<\/div>\n\n\n\n<div class=\"wp-block-group alignfull is-style-default has-global-padding is-layout-constrained wp-container-core-group-is-layout-0c9c989a wp-block-group-is-layout-constrained\" style=\"min-height:0vh;margin-top:0;margin-bottom:0;padding-top:var(--wp--preset--spacing--70);padding-right:var(--wp--preset--spacing--40);padding-bottom:var(--wp--preset--spacing--70);padding-left:var(--wp--preset--spacing--40)\">\n<div class=\"wp-block-group has-global-padding is-layout-constrained wp-container-core-group-is-layout-346627ba wp-block-group-is-layout-constrained\">\n<h2 class=\"wp-block-heading has-text-align-center has-xx-large-font-size\" style=\"margin-right:0;margin-left:0;padding-right:0;padding-left:0\">Varaa oma myyntip\u00f6yt\u00e4si \/<br>Reserve your own sales table<\/h2>\n\n\n\n<p class=\"has-text-align-center\">Haluatko myyd\u00e4 ja vaihtaa omia tuoksutuotteitasi Perfume Bazarissa? Varaa paikkasi t\u00e4st\u00e4.<\/p>\n\n\n\n<p class=\"has-text-align-center\">Myyntipaikan hinta on 25 euroa. Myyntipaikalla on p\u00f6yt\u00e4, joka jaetaan puoliksi kahden myyj\u00e4n kesken. P\u00f6yd\u00e4n koko on 272&#215;68 cm (puolikas osuus 136&#215;68 cm).<\/p>\n\n\n\n<p class=\"has-text-align-center\">Would you like to sell or swap your own fragrance products at Perfume Bazar? Reserve your spot here.<\/p>\n\n\n\n<p class=\"has-text-align-center\">The price of a sales spot is \u20ac25. Each sales spot includes a table shared by two sellers. The table size is 272 \u00d7 68 cm (half-table: 136 \u00d7 68 cm).<\/p>\n<\/div>\n<\/div>\n\n\n<div class='fluentform ff-default fluentform_wrapper_4  ff_guten_block ff_guten_block-4 ffs_default_wrap'><form data-form_id=\"4\" id=\"fluentform_4\" class=\"frm-fluent-form fluent_form_4 ff-el-form-top ff_form_instance_4_1 ff-form-loading ffs_default\" data-form_instance=\"ff_form_instance_4_1\" method=\"POST\" ><fieldset  style=\"border: none!important;margin: 0!important;padding: 0!important;background-color: transparent!important;box-shadow: none!important;outline: none!important; min-inline-size: 100%;\">\n                    <legend class=\"ff_screen_reader_title\" style=\"display: block; margin: 0!important;padding: 0!important;height: 0!important;text-indent: -999999px;width: 0!important;overflow:hidden;\">Perfume Bazar, myyntip\u00f6yt\u00e4<\/legend><input type='hidden' name='__fluent_form_embded_post_id' value='286' \/><input type=\"hidden\" id=\"_fluentform_4_fluentformnonce\" name=\"_fluentform_4_fluentformnonce\" value=\"c2c1ff41a7\" \/><input type=\"hidden\" name=\"_wp_http_referer\" value=\"\/index.php?rest_route=%2Fwp%2Fv2%2Fpages%2F286\" \/><div data-type=\"name-element\" data-name=\"names\" class=\" ff-field_container ff-name-field-wrapper\" ><div class='ff-t-container'><div class='ff-t-cell '><div class='ff-el-group ff-el-form-top'><div class=\"ff-el-input--label ff-el-is-required asterisk-right\"><label for='ff_4_names_first_name_' id='label_ff_4_names_first_name_' >Etunimi<\/label><\/div><div class='ff-el-input--content'><input type=\"text\" name=\"names[first_name]\" id=\"ff_4_names_first_name_\" class=\"ff-el-form-control\" aria-invalid=\"false\" aria-required=true><\/div><\/div><\/div><div class='ff-t-cell '><div class='ff-el-group ff-el-form-top'><div class=\"ff-el-input--label ff-el-is-required asterisk-right\"><label for='ff_4_names_last_name_' id='label_ff_4_names_last_name_' >Sukunimi<\/label><\/div><div class='ff-el-input--content'><input type=\"text\" name=\"names[last_name]\" id=\"ff_4_names_last_name_\" class=\"ff-el-form-control\" aria-invalid=\"false\" aria-required=true><\/div><\/div><\/div><\/div><\/div><div class='ff-el-group'><div class=\"ff-el-input--label ff-el-is-required asterisk-right\"><label for='ff_4_email' id='label_ff_4_email' aria-label=\"S\u00e4hk\u00f6posti\">S\u00e4hk\u00f6posti<\/label><\/div><div class='ff-el-input--content'><input type=\"email\" name=\"email\" id=\"ff_4_email\" class=\"ff-el-form-control\" data-name=\"email\"  aria-invalid=\"false\" aria-required=true><\/div><\/div><div class='ff-el-group'><div class=\"ff-el-input--label asterisk-right\"><label for='ff_4_numeric_field' id='label_ff_4_numeric_field' aria-label=\"Puhelin\">Puhelin<\/label><\/div><div class='ff-el-input--content'><input type=\"number\" name=\"numeric_field\" id=\"ff_4_numeric_field\" class=\"ff-el-form-control\" data-name=\"numeric_field\" inputmode=\"numeric\" step=\"any\"  aria-invalid=\"false\" aria-required=false><\/div><\/div><div class='ff-el-group'><div class=\"ff-el-input--label asterisk-right\"><label for='ff_4_input_text_1' id='label_ff_4_input_text_1' aria-label=\"Kuvaile lyhyesti omin sanoin, mit\u00e4 aiot myyd\u00e4\/vaihtaa.\">Kuvaile lyhyesti omin sanoin, mit\u00e4 aiot myyd\u00e4\/vaihtaa.<\/label><\/div><div class='ff-el-input--content'><input type=\"text\" name=\"input_text_1\" class=\"ff-el-form-control\" data-name=\"input_text_1\" id=\"ff_4_input_text_1\"  aria-invalid=\"false\" aria-required=false><\/div><\/div><div class='ff-el-group'><div class=\"ff-el-input--label ff-el-is-required asterisk-right\"><label   aria-label=\"Varaan p\u00f6yt\u00e4paikan:\">Varaan p\u00f6yt\u00e4paikan:<\/label><\/div><div class='ff-el-input--content'><div class='ff-el-form-check ff-el-form-check-'><label class='ff-el-form-check-label' for='checkbox_2bc192a6f64174b12797f17cabfa1095'><input  type=\"checkbox\" name=\"checkbox[]\" data-name=\"checkbox\" class=\"ff-el-form-check-input ff-el-form-check-checkbox\" value=\"P\u00f6yt\u00e4 136x68 cm. Hinta 25 \u20ac (sis.alv.)\"  id='checkbox_2bc192a6f64174b12797f17cabfa1095' aria-label='P\u00f6yt\u00e4 136x68 cm. Hinta 25 \u20ac (sis.alv.)' aria-invalid='false' aria-required=true> <span>P\u00f6yt\u00e4 136&#215;68 cm. Hinta 25 \u20ac (sis.alv.)<\/span><\/label><\/div><\/div><\/div><div class='ff-el-group    ff-el-input--content'><div class='ff-el-form-check ff-el-tc'><label aria-label='Hyv\u00e4ksyn ehdot: Varaus on sitova. Maksu laskulla viim. 30 pv ennen tapahtuman alkua.\nPeruutukset: 60\u201314 vrk ennen tapahtumaa: 50% palautus maksusta. 13\u20130 vrk ennen tapahtumaa: maksua ei palauteta. Vakuutukset: J\u00e4rjest\u00e4j\u00e4ll\u00e4 on yleinen tapahtumavakuutus, osallistuja vastaa itse omien tuotteidensa vakuuttamisesta.' class='ff-el-form-check-label ff_tc_label' for=terms-n-condition_4405e2996040500b9e84e3985698a1d6><span class='ff_tc_checkbox'><input type=\"checkbox\" name=\"terms-n-condition\" class=\"ff-el-form-check-input\" data-name=\"terms-n-condition\" id=\"terms-n-condition_4405e2996040500b9e84e3985698a1d6\"  value='on' aria-invalid='false' aria-required=true><\/span> <div class='ff_t_c'><p>Hyv\u00e4ksyn ehdot: Varaus on sitova. Maksu laskulla viim. 30 pv ennen tapahtuman alkua.<\/p>\n<p>Peruutukset: 60\u201314 vrk ennen tapahtumaa: 50% palautus maksusta. 13\u20130 vrk ennen tapahtumaa: maksua ei palauteta. Vakuutukset: J\u00e4rjest\u00e4j\u00e4ll\u00e4 on yleinen tapahtumavakuutus, osallistuja vastaa itse omien tuotteidensa vakuuttamisesta.<\/p><\/div><\/label><\/div><\/div><div class='ff-el-group ff-text-left ff_submit_btn_wrapper'><button type=\"submit\" class=\"ff-btn ff-btn-submit ff-btn-md ff_btn_style wpf_has_custom_css\"  aria-label=\"Varaa paikka\">Varaa paikka<\/button><\/div><\/fieldset><\/form><div id='fluentform_4_errors' class='ff-errors-in-stack ff_form_instance_4_1 ff-form-loading_errors ff_form_instance_4_1_errors'><\/div><\/div>            <script type=\"text\/javascript\">\n                window.fluent_form_ff_form_instance_4_1 = {\"id\":\"4\",\"ajaxUrl\":\"https:\\\/\\\/scentandsoul.fi\\\/wp-admin\\\/admin-ajax.php\",\"settings\":{\"layout\":{\"labelPlacement\":\"top\",\"asteriskPlacement\":\"asterisk-right\",\"helpMessagePlacement\":\"with_label\",\"errorMessagePlacement\":\"inline\",\"cssClassName\":\"\"},\"restrictions\":{\"denyEmptySubmission\":{\"enabled\":false}}},\"form_instance\":\"ff_form_instance_4_1\",\"form_id_selector\":\"fluentform_4\",\"rules\":{\"names[first_name]\":{\"required\":{\"value\":true,\"message\":\"This field is required\",\"global_message\":\"This field is required\",\"global\":true}},\"names[middle_name]\":{\"required\":{\"value\":false,\"message\":\"This field is required\",\"global_message\":\"This field is required\",\"global\":true}},\"names[last_name]\":{\"required\":{\"value\":true,\"message\":\"This field is required\",\"global_message\":\"This field is required\",\"global\":true}},\"email\":{\"required\":{\"value\":true,\"message\":\"This field is required\",\"global_message\":\"This field is required\",\"global\":true},\"email\":{\"value\":true,\"message\":\"This field must contain a valid email\",\"global_message\":\"This field must contain a valid email\",\"global\":true}},\"numeric_field\":{\"required\":{\"value\":false,\"message\":\"This field is required\",\"global_message\":\"This field is required\",\"global\":true},\"numeric\":{\"value\":true,\"message\":\"This field must contain numeric value\",\"global_message\":\"This field must contain numeric value\",\"global\":true},\"min\":{\"value\":\"\",\"message\":\"Validation fails for minimum value\",\"global_message\":\"Validation fails for minimum value\",\"global\":true},\"max\":{\"value\":\"\",\"message\":\"Validation fails for maximum value\",\"global_message\":\"Validation fails for maximum value\",\"global\":true},\"digits\":{\"value\":\"\",\"message\":\"Validation fails for limited digits\",\"global_message\":\"Validation fails for limited digits\",\"global\":true}},\"input_text_1\":{\"required\":{\"value\":false,\"message\":\"This field is required\",\"global_message\":\"This field is required\",\"global\":true}},\"checkbox\":{\"required\":{\"value\":true,\"message\":\"This field is required\",\"global_message\":\"This field is required\",\"global\":true}},\"terms-n-condition\":{\"required\":{\"value\":true,\"message\":\"T\\u00e4m\\u00e4 kentt\\u00e4 on pakollinen\",\"global_message\":\"This field is required\",\"global\":false}}},\"debounce_time\":300};\n                            <\/script>\n            ","protected":false},"excerpt":{"rendered":"<p>Osta, vaihda ja myy Perfume Bazar on tuoksuharrastajien kirpputori, jolla voit tehd\u00e4 second hand -tuoksul\u00f6yt\u00f6j\u00e4. Tapaa samanhenkisi\u00e4 tuoksuintoilijoita, jaa kokemuksia ja keskustele. Buy, swap and sell Perfume Bazar is a flea market for fragrance enthusiasts, where you can make second-hand discoveries. Meet like-minded scent lovers, share experiences and join the conversation. Varaa oma myyntip\u00f6yt\u00e4si \/Reserve [&hellip;]<\/p>\n","protected":false},"author":2,"featured_media":0,"parent":0,"menu_order":0,"comment_status":"closed","ping_status":"closed","template":"","meta":{"iawp_total_views":544,"footnotes":""},"class_list":["post-286","page","type-page","status-publish","hentry"],"yoast_head":"<!-- This site is optimized with the Yoast SEO plugin v27.5 - https:\/\/yoast.com\/product\/yoast-seo-wordpress\/ -->\n<title>Perfume Bazar - Scent&amp;Soul 2026 \/ Lauantai - Saturday 21.3.2026<\/title>\n<meta name=\"description\" content=\"Perfume Bazar on tuoksuharrastajien kirppis, jolla voit myyd\u00e4, vaihtaa ja ostaa. Varaa oma myyntipaikkasi t\u00e4\u00e4lt\u00e4.\" \/>\n<meta name=\"robots\" content=\"index, follow, max-snippet:-1, max-image-preview:large, max-video-preview:-1\" \/>\n<link rel=\"canonical\" href=\"https:\/\/scentandsoul.fi\/?page_id=286\" \/>\n<meta property=\"og:locale\" content=\"fi_FI\" \/>\n<meta property=\"og:type\" content=\"article\" \/>\n<meta property=\"og:title\" content=\"Perfume Bazar - Scent&amp;Soul 2026 \/ Lauantai - Saturday 21.3.2026\" \/>\n<meta property=\"og:description\" content=\"Perfume Bazar on tuoksuharrastajien kirppis, jolla voit myyd\u00e4, vaihtaa ja ostaa. Varaa oma myyntipaikkasi t\u00e4\u00e4lt\u00e4.\" \/>\n<meta property=\"og:url\" content=\"https:\/\/scentandsoul.fi\/?page_id=286\" \/>\n<meta property=\"og:site_name\" content=\"Scent&amp;Soul 2026 \/ Lauantai - Saturday 21.3.2026\" \/>\n<meta property=\"article:modified_time\" content=\"2025-12-17T08:27:08+00:00\" \/>\n<meta property=\"og:image\" content=\"https:\/\/scentandsoul.fi\/wp-content\/uploads\/2025\/11\/cropped-SS-logo-1000-kt.png\" \/>\n\t<meta property=\"og:image:width\" content=\"512\" \/>\n\t<meta property=\"og:image:height\" content=\"512\" \/>\n\t<meta property=\"og:image:type\" content=\"image\/png\" \/>\n<meta name=\"twitter:card\" content=\"summary_large_image\" \/>\n<meta name=\"twitter:label1\" content=\"Arvioitu lukuaika\" \/>\n\t<meta name=\"twitter:data1\" content=\"2 minuuttia\" \/>\n<script type=\"application\/ld+json\" class=\"yoast-schema-graph\">{\"@context\":\"https:\\\/\\\/schema.org\",\"@graph\":[{\"@type\":\"WebPage\",\"@id\":\"https:\\\/\\\/scentandsoul.fi\\\/?page_id=286\",\"url\":\"https:\\\/\\\/scentandsoul.fi\\\/?page_id=286\",\"name\":\"Perfume Bazar - Scent&amp;Soul 2026 \\\/ Lauantai - Saturday 21.3.2026\",\"isPartOf\":{\"@id\":\"https:\\\/\\\/scentandsoul.fi\\\/#website\"},\"primaryImageOfPage\":{\"@id\":\"https:\\\/\\\/scentandsoul.fi\\\/?page_id=286#primaryimage\"},\"image\":{\"@id\":\"https:\\\/\\\/scentandsoul.fi\\\/?page_id=286#primaryimage\"},\"thumbnailUrl\":\"https:\\\/\\\/scentandsoul.fi\\\/wp-content\\\/uploads\\\/2025\\\/11\\\/cropped-SS-logo-1000-kt.png\",\"datePublished\":\"2025-11-18T10:18:51+00:00\",\"dateModified\":\"2025-12-17T08:27:08+00:00\",\"description\":\"Perfume Bazar on tuoksuharrastajien kirppis, jolla voit myyd\u00e4, vaihtaa ja ostaa. Varaa oma myyntipaikkasi t\u00e4\u00e4lt\u00e4.\",\"breadcrumb\":{\"@id\":\"https:\\\/\\\/scentandsoul.fi\\\/?page_id=286#breadcrumb\"},\"inLanguage\":\"fi\",\"potentialAction\":[{\"@type\":\"ReadAction\",\"target\":[\"https:\\\/\\\/scentandsoul.fi\\\/?page_id=286\"]}]},{\"@type\":\"ImageObject\",\"inLanguage\":\"fi\",\"@id\":\"https:\\\/\\\/scentandsoul.fi\\\/?page_id=286#primaryimage\",\"url\":\"https:\\\/\\\/scentandsoul.fi\\\/wp-content\\\/uploads\\\/2025\\\/11\\\/cropped-SS-logo-1000-kt.png\",\"contentUrl\":\"https:\\\/\\\/scentandsoul.fi\\\/wp-content\\\/uploads\\\/2025\\\/11\\\/cropped-SS-logo-1000-kt.png\",\"width\":512,\"height\":512},{\"@type\":\"BreadcrumbList\",\"@id\":\"https:\\\/\\\/scentandsoul.fi\\\/?page_id=286#breadcrumb\",\"itemListElement\":[{\"@type\":\"ListItem\",\"position\":1,\"name\":\"Etusivu\",\"item\":\"https:\\\/\\\/scentandsoul.fi\\\/\"},{\"@type\":\"ListItem\",\"position\":2,\"name\":\"Perfume Bazar\"}]},{\"@type\":\"WebSite\",\"@id\":\"https:\\\/\\\/scentandsoul.fi\\\/#website\",\"url\":\"https:\\\/\\\/scentandsoul.fi\\\/\",\"name\":\"Scent&amp;Soul 2026 \\\/ Lauantai - Saturday 21.3.2026\",\"description\":\"Tuoksutapahtuma H&ouml;gforsin ruukissa\",\"potentialAction\":[{\"@type\":\"SearchAction\",\"target\":{\"@type\":\"EntryPoint\",\"urlTemplate\":\"https:\\\/\\\/scentandsoul.fi\\\/?s={search_term_string}\"},\"query-input\":{\"@type\":\"PropertyValueSpecification\",\"valueRequired\":true,\"valueName\":\"search_term_string\"}}],\"inLanguage\":\"fi\"}]}<\/script>\n<!-- \/ Yoast SEO plugin. -->","yoast_head_json":{"title":"Perfume Bazar - Scent&amp;Soul 2026 \/ Lauantai - Saturday 21.3.2026","description":"Perfume Bazar on tuoksuharrastajien kirppis, jolla voit myyd\u00e4, vaihtaa ja ostaa. Varaa oma myyntipaikkasi t\u00e4\u00e4lt\u00e4.","robots":{"index":"index","follow":"follow","max-snippet":"max-snippet:-1","max-image-preview":"max-image-preview:large","max-video-preview":"max-video-preview:-1"},"canonical":"https:\/\/scentandsoul.fi\/?page_id=286","og_locale":"fi_FI","og_type":"article","og_title":"Perfume Bazar - Scent&amp;Soul 2026 \/ Lauantai - Saturday 21.3.2026","og_description":"Perfume Bazar on tuoksuharrastajien kirppis, jolla voit myyd\u00e4, vaihtaa ja ostaa. Varaa oma myyntipaikkasi t\u00e4\u00e4lt\u00e4.","og_url":"https:\/\/scentandsoul.fi\/?page_id=286","og_site_name":"Scent&amp;Soul 2026 \/ Lauantai - Saturday 21.3.2026","article_modified_time":"2025-12-17T08:27:08+00:00","og_image":[{"width":512,"height":512,"url":"https:\/\/scentandsoul.fi\/wp-content\/uploads\/2025\/11\/cropped-SS-logo-1000-kt.png","type":"image\/png"}],"twitter_card":"summary_large_image","twitter_misc":{"Arvioitu lukuaika":"2 minuuttia"},"schema":{"@context":"https:\/\/schema.org","@graph":[{"@type":"WebPage","@id":"https:\/\/scentandsoul.fi\/?page_id=286","url":"https:\/\/scentandsoul.fi\/?page_id=286","name":"Perfume Bazar - Scent&amp;Soul 2026 \/ Lauantai - Saturday 21.3.2026","isPartOf":{"@id":"https:\/\/scentandsoul.fi\/#website"},"primaryImageOfPage":{"@id":"https:\/\/scentandsoul.fi\/?page_id=286#primaryimage"},"image":{"@id":"https:\/\/scentandsoul.fi\/?page_id=286#primaryimage"},"thumbnailUrl":"https:\/\/scentandsoul.fi\/wp-content\/uploads\/2025\/11\/cropped-SS-logo-1000-kt.png","datePublished":"2025-11-18T10:18:51+00:00","dateModified":"2025-12-17T08:27:08+00:00","description":"Perfume Bazar on tuoksuharrastajien kirppis, jolla voit myyd\u00e4, vaihtaa ja ostaa. Varaa oma myyntipaikkasi t\u00e4\u00e4lt\u00e4.","breadcrumb":{"@id":"https:\/\/scentandsoul.fi\/?page_id=286#breadcrumb"},"inLanguage":"fi","potentialAction":[{"@type":"ReadAction","target":["https:\/\/scentandsoul.fi\/?page_id=286"]}]},{"@type":"ImageObject","inLanguage":"fi","@id":"https:\/\/scentandsoul.fi\/?page_id=286#primaryimage","url":"https:\/\/scentandsoul.fi\/wp-content\/uploads\/2025\/11\/cropped-SS-logo-1000-kt.png","contentUrl":"https:\/\/scentandsoul.fi\/wp-content\/uploads\/2025\/11\/cropped-SS-logo-1000-kt.png","width":512,"height":512},{"@type":"BreadcrumbList","@id":"https:\/\/scentandsoul.fi\/?page_id=286#breadcrumb","itemListElement":[{"@type":"ListItem","position":1,"name":"Etusivu","item":"https:\/\/scentandsoul.fi\/"},{"@type":"ListItem","position":2,"name":"Perfume Bazar"}]},{"@type":"WebSite","@id":"https:\/\/scentandsoul.fi\/#website","url":"https:\/\/scentandsoul.fi\/","name":"Scent&amp;Soul 2026 \/ Lauantai - Saturday 21.3.2026","description":"Tuoksutapahtuma H&ouml;gforsin ruukissa","potentialAction":[{"@type":"SearchAction","target":{"@type":"EntryPoint","urlTemplate":"https:\/\/scentandsoul.fi\/?s={search_term_string}"},"query-input":{"@type":"PropertyValueSpecification","valueRequired":true,"valueName":"search_term_string"}}],"inLanguage":"fi"}]}},"_links":{"self":[{"href":"https:\/\/scentandsoul.fi\/index.php?rest_route=\/wp\/v2\/pages\/286","targetHints":{"allow":["GET"]}}],"collection":[{"href":"https:\/\/scentandsoul.fi\/index.php?rest_route=\/wp\/v2\/pages"}],"about":[{"href":"https:\/\/scentandsoul.fi\/index.php?rest_route=\/wp\/v2\/types\/page"}],"author":[{"embeddable":true,"href":"https:\/\/scentandsoul.fi\/index.php?rest_route=\/wp\/v2\/users\/2"}],"replies":[{"embeddable":true,"href":"https:\/\/scentandsoul.fi\/index.php?rest_route=%2Fwp%2Fv2%2Fcomments&post=286"}],"version-history":[{"count":8,"href":"https:\/\/scentandsoul.fi\/index.php?rest_route=\/wp\/v2\/pages\/286\/revisions"}],"predecessor-version":[{"id":493,"href":"https:\/\/scentandsoul.fi\/index.php?rest_route=\/wp\/v2\/pages\/286\/revisions\/493"}],"wp:attachment":[{"href":"https:\/\/scentandsoul.fi\/index.php?rest_route=%2Fwp%2Fv2%2Fmedia&parent=286"}],"curies":[{"name":"wp","href":"https:\/\/api.w.org\/{rel}","templated":true}]}}