{"id":310,"date":"2025-11-04T12:13:03","date_gmt":"2025-11-04T10:13:03","guid":{"rendered":"https:\/\/scentandsoul.fi\/?page_id=310"},"modified":"2026-03-18T12:12:25","modified_gmt":"2026-03-18T10:12:25","slug":"liput-ja-info","status":"publish","type":"page","link":"https:\/\/scentandsoul.fi\/?page_id=310","title":{"rendered":"Liput ja info"},"content":{"rendered":"\n<div style=\"height:54px\" aria-hidden=\"true\" class=\"wp-block-spacer\"><\/div>\n\n\n\n<p class=\"has-small-font-size\"><a href=\"#liput\">Liput<\/a> \/ Tickets<\/p>\n\n\n\n<p class=\"has-small-font-size\"><a href=\"#ohjelma\">Ohjelma<\/a> \/ Program<\/p>\n\n\n\n<p class=\"has-small-font-size\"><a href=\"#paikka\">Tapahtumapaikka<\/a> \/ Venue<\/p>\n\n\n\n<p class=\"has-small-font-size\"><a href=\"#saapuminen\">Saapuminen<\/a> \/ Arrival<\/p>\n\n\n\n<p class=\"has-small-font-size\"><a href=\"#ruoka\">Ruoka ja juoma<\/a> \/ Food and Drink<\/p>\n\n\n\n<p class=\"has-small-font-size\"><a href=\"#majoittuminen\">Majoittuminen<\/a> \/ Accommodation<\/p>\n\n\n\n<p class=\"has-small-font-size\"><a href=\"#lehdist\u00f6\">Lehdist\u00f6<\/a> \/ Press<\/p>\n\n\n\n<div style=\"height:54px\" aria-hidden=\"true\" class=\"wp-block-spacer\"><\/div>\n\n\n\n<h2 class=\"wp-block-heading\" id=\"liput\">Liput \/ Tickets<\/h2>\n\n\n\n<p>Osta p\u00e4\u00e4sylippu ennakkoon t\u00e4st\u00e4.<\/p>\n\n\n\n<ul class=\"wp-block-list\">\n<li>Tarjolla on yksitt\u00e4isi\u00e4 lippuja sek\u00e4 nelj\u00e4n hengen kimppalimppuja!<\/li>\n\n\n\n<li>Opiskelijaliput -50 %.<\/li>\n\n\n\n<li>Myynniss\u00e4 my\u00f6s meno-paluu bussilippu Helsingist\u00e4 tulijoille.\n<ul class=\"wp-block-list\">\n<li class=\"has-medium-font-size\">Bussi kulkee reitti\u00e4: Kiasma\u2013Meilahti\u2013Munkkiniemi\u2013Turunv\u00e4yl\u00e4\u2013Porintie. Kyytiin voi tulla matkan varrelta. <strong>Ilmoita pys\u00e4kkisi lipunoston yhteydess\u00e4!<\/strong><\/li>\n<\/ul>\n<\/li>\n\n\n\n<li>Lis\u00e4ksi rajattu m\u00e4\u00e4r\u00e4 (30kpl) lippuja Pia Longin Masterclassiin (EN), sis\u00e4lt\u00e4\u00e4 sis\u00e4\u00e4np\u00e4\u00e4syn sek\u00e4 osallistumisen ty\u00f6pajaan.<\/li>\n<\/ul>\n\n\n\n<hr class=\"wp-block-separator has-alpha-channel-opacity\"\/>\n\n\n\n<p>Buy your tickets in advance.<\/p>\n\n\n\n<ul class=\"wp-block-list\">\n<li>Single tickets and group tickets for four are available!<\/li>\n\n\n\n<li>Student tickets -50 %.<\/li>\n\n\n\n<li>Round-trip bus tickets are also available for visitors travelling from Helsinki.\n<ul class=\"wp-block-list\">\n<li class=\"has-medium-font-size\">The route: Kiasma\u2013Meilahti\u2013Munkkiniemi\u2013Turunv\u00e4yl\u00e4\u2013Porintie. You may board along the route. <strong>Please inform your bus stop when purchasing the ticket!<\/strong><\/li>\n<\/ul>\n<\/li>\n\n\n\n<li>In addition, a limited number (30 pcs) of tickets are available for Pia Long\u2019s Masterclass (EN), including event entry and participation in the workshop.<\/li>\n<\/ul>\n\n\n\n<div style=\"height:20px\" aria-hidden=\"true\" class=\"wp-block-spacer\"><\/div>\n\n\n<p><iframe loading=\"lazy\"\n  src=\"https:\/\/luma.com\/embed\/event\/evt-IA9b2dkW0JHCZn2\/simple\"\n  width=\"600\"\n  height=\"550\"\n  frameborder=\"0\"\n  style=\"border: 1px solid #bfcbda88; border-radius: 4px;\"\n  allow=\"fullscreen; payment\"\n  aria-hidden=\"false\"\n  tabindex=\"0\"\n><\/iframe><\/p>\n\n\n\n<p><strong>Huom.: Liput ovelta 20 \u20ac \/ kpl<\/strong><\/p>\n\n\n\n<p><strong>Note: Tickets at the door 20 \u20ac \/ person<\/strong><\/p>\n\n\n\n<div style=\"height:70px\" aria-hidden=\"true\" class=\"wp-block-spacer\"><\/div>\n\n\n\n<h2 class=\"wp-block-heading\" id=\"ohjelma\">Ohjelma \/ Program<\/h2>\n\n\n\n<figure class=\"wp-block-image size-full\"><img loading=\"lazy\" decoding=\"async\" width=\"1414\" height=\"2000\" src=\"https:\/\/scentandsoul.fi\/wp-content\/uploads\/2026\/03\/tapahtumaohjelma.png\" alt=\"\" class=\"wp-image-746\" srcset=\"https:\/\/scentandsoul.fi\/wp-content\/uploads\/2026\/03\/tapahtumaohjelma.png 1414w, https:\/\/scentandsoul.fi\/wp-content\/uploads\/2026\/03\/tapahtumaohjelma-212x300.png 212w, https:\/\/scentandsoul.fi\/wp-content\/uploads\/2026\/03\/tapahtumaohjelma-724x1024.png 724w, https:\/\/scentandsoul.fi\/wp-content\/uploads\/2026\/03\/tapahtumaohjelma-768x1086.png 768w, https:\/\/scentandsoul.fi\/wp-content\/uploads\/2026\/03\/tapahtumaohjelma-1086x1536.png 1086w\" sizes=\"auto, (max-width: 1414px) 100vw, 1414px\" \/><\/figure>\n\n\n\n<p class=\"has-small-font-size\">Ohjelmamuutokset ovat mahdollisia. &nbsp;\/ Changes to the program are possible.<\/p>\n\n\n\n<div style=\"height:70px\" aria-hidden=\"true\" class=\"wp-block-spacer\"><\/div>\n\n\n\n<h2 class=\"wp-block-heading\" id=\"paikka\">Tapahtumapaikka \/ Venue<\/h2>\n\n\n\n<p>Scent &amp; Soul j\u00e4rjestet\u00e4\u00e4n H\u00f6gforsin ruukissa, Karkkilassa. Noin tunnin ajomatka p\u00e4\u00e4kaupunkiseudulta, pari tuntia Turusta tai Tampereelta.<\/p>\n\n\n\n<p>Tutustu ruukkialueen palveluihin <a href=\"https:\/\/xn--hgforsinruukki-vpb.fi\/\">t\u00e4\u00e4ll\u00e4<\/a>. <\/p>\n\n\n\n<hr class=\"wp-block-separator has-alpha-channel-opacity\"\/>\n\n\n\n<p>Scent &amp; Soul takes place at the H\u00f6gfors Ironworks area in Karkkila. About a one-hour drive from the Helsinki metropolitan area and around two hours from Turku or Tampere.<\/p>\n\n\n\n<p>Explore the services of the ironworks area <a href=\"https:\/\/xn--hgforsinruukki-vpb.fi\/\">here<\/a>. <\/p>\n\n\n\n<div style=\"height:20px\" aria-hidden=\"true\" class=\"wp-block-spacer\"><\/div>\n\n\n\n<div class=\"wp-block-gmap-gmap-block gmap-block-co0esn6m\"><iframe src=\"https:\/\/maps.google.com\/maps?q=H%C3%B6gforsin+ruukki&amp;z=8&amp;t=roadmap&amp;output=embed\" class=\"embd-map\" title=\"H\u00f6gforsin ruukki\"><\/iframe><\/div>\n\n\n\n<div style=\"height:70px\" aria-hidden=\"true\" class=\"wp-block-spacer\"><\/div>\n\n\n\n<h2 class=\"wp-block-heading\" id=\"saapuminen\">Saapuminen \/ Arrival<\/h2>\n\n\n\n<h3 class=\"wp-block-heading\">Yhteiskuljetus Helsingist\u00e4<\/h3>\n\n\n\n<p>Helsingist\u00e4 saapuville j\u00e4rjest\u00e4mme yhteisen bussikuljetuksen, joka l\u00e4htee Helsingist\u00e4 Kiasman edest\u00e4 klo 8.45. Bussi tuo suoraan tapahtumapaikan ovelle. Paluubussi Helsinkiin l\u00e4htee Karkkilasta klo 18.30. Osta bussilippu yhteiskuljetukseen lipunmyynnist\u00e4, t\u00e4m\u00e4n sivun yl\u00e4reunasta.<br>Bussi kulkee reitti\u00e4: Kiasma\u2013Meilahti\u2013Munkkiniemi\u2013Turunv\u00e4yl\u00e4\u2013Porintie. Kyytiin voi tulla matkan varrelta. <strong>Ilmoita pys\u00e4kkisi lipunoston yhteydess\u00e4!<\/strong><\/p>\n\n\n\n<h3 class=\"wp-block-heading\">Julkinen liikenne<\/h3>\n\n\n\n<p>Karkkilaan p\u00e4\u00e4see linja-autolla Helsingin ja Porin suunnasta. Linja-autoasemalta on noin 1 kilometrin k\u00e4velymatka tapahtumapaikalle Konepajahalliin (Valurinkatu 3). Bussiaikatauluja voit etsi\u00e4 <a href=\"https:\/\/www.matkahuolto.fi\/matkustajat\">Matkahuollon<\/a> sivuilta.<\/p>\n\n\n\n<p class=\"has-medium-font-size\"><strong>HUOM:<\/strong> Osa busseista ei kulje Karkkilan linja-autoaseman kautta, vaan pys\u00e4htyy ainoastaan Porintien pys\u00e4keill\u00e4, mist\u00e4 k\u00e4velymatka on noin 2 kilometri\u00e4. Tarkistathan valitsemasi bussin pys\u00e4kit.<\/p>\n\n\n\n<h3 class=\"wp-block-heading\">Oma auto<\/h3>\n\n\n\n<p>Autoilla saapuvilla l\u00f6ytyy maksuttomia parkkipaikkoja kaupungintalon parkkipaikalta (Valtatie 26) sek\u00e4 Valurinkadun alkup\u00e4\u00e4st\u00e4. My\u00f6s torilla, linja-autoaseman l\u00e4hell\u00e4 on paljon parkkitilaa.<\/p>\n\n\n\n<hr class=\"wp-block-separator has-alpha-channel-opacity\"\/>\n\n\n\n<h3 class=\"wp-block-heading\">Shared bus transport from Helsinki<\/h3>\n\n\n\n<p>For those travelling from Helsinki, we are organising a shared bus transfer departing at 8:45 am from in front of Kiasma in Helsinki. The bus will take you directly to the entrance of the event venue. The return bus to Helsinki leaves Karkkila at 6:30 pm. You can purchase a ticket for the shared bus transfer via the ticket shop at the top of this page.<br>The route: Kiasma\u2013Meilahti\u2013Munkkiniemi\u2013Turunv\u00e4yl\u00e4\u2013Porintie. You may board along the route. <strong>Please inform your bus stop when purchasing the ticket!<\/strong><\/p>\n\n\n\n<h3 class=\"wp-block-heading\">Public transport<\/h3>\n\n\n\n<p>You can reach Karkkila by buses operating on the Helsinki\u2013Karkkila and Pori\u2013Karkkila routes. It\u2019s about a 1-kilometre walk to the event venue, Konepajahalli (Valurinkatu 3) from the bus station. You can search for bus timetables on the <a href=\"https:\/\/www.matkahuolto.fi\/matkustajat\">Matkahuolto<\/a> website.<\/p>\n\n\n\n<p class=\"has-medium-font-size\"><strong>Please note:<\/strong> Some buses do not stop at Karkkila bus station but only at stops along Porintie. From there, the walking distance to the venue is approximately 2 km. Please check the stops for your selected bus in advance.<\/p>\n\n\n\n<h3 class=\"wp-block-heading\">By car<\/h3>\n\n\n\n<p>For those arriving by car, there are free parking spaces at the City Hall parking lot (Valtatie 26) and at the beginning of Valurinkatu. There is also plenty of parking available at the market square near the bus station.<\/p>\n\n\n\n<div style=\"height:20px\" aria-hidden=\"true\" class=\"wp-block-spacer\"><\/div>\n\n\n\n<figure class=\"wp-block-image size-large\"><img loading=\"lazy\" decoding=\"async\" width=\"1024\" height=\"628\" src=\"https:\/\/scentandsoul.fi\/wp-content\/uploads\/2025\/12\/SS-saapuminen-1024x628.png\" alt=\"Scent&amp;Soul tuoksutapahtuman sijainti kartalla. Saapuminen, linja-autoasema ja parkkipaikat.\" class=\"wp-image-456\" srcset=\"https:\/\/scentandsoul.fi\/wp-content\/uploads\/2025\/12\/SS-saapuminen-1024x628.png 1024w, https:\/\/scentandsoul.fi\/wp-content\/uploads\/2025\/12\/SS-saapuminen-300x184.png 300w, https:\/\/scentandsoul.fi\/wp-content\/uploads\/2025\/12\/SS-saapuminen-768x471.png 768w, https:\/\/scentandsoul.fi\/wp-content\/uploads\/2025\/12\/SS-saapuminen.png 1190w\" sizes=\"auto, (max-width: 1024px) 100vw, 1024px\" \/><\/figure>\n\n\n\n<div style=\"height:70px\" aria-hidden=\"true\" class=\"wp-block-spacer\"><\/div>\n\n\n\n<h2 class=\"wp-block-heading\" id=\"ruoka\">Ruoka ja juoma \/ Food and Drink<\/h2>\n\n\n\n<p>Tapahtumapaikalla Konepajahallissa ruoka- ja juomamyynnist\u00e4 vastaa <a href=\"https:\/\/uunisauna.fi\/\">Uunisaunan<\/a> pop-up-kahvila.<\/p>\n\n\n\n<hr class=\"wp-block-separator has-alpha-channel-opacity\"\/>\n\n\n\n<p>At the event venue, food and drinks will be provided by <a href=\"https:\/\/uunisauna.fi\/\">Uunisauna<\/a> pop-up-Caf\u00e9 at Konepajahalli.<\/p>\n\n\n\n<div style=\"height:20px\" aria-hidden=\"true\" class=\"wp-block-spacer\"><\/div>\n\n\n\n<figure class=\"wp-block-gallery has-nested-images columns-default is-cropped wp-block-gallery-1 is-layout-flex wp-block-gallery-is-layout-flex\">\n<figure class=\"wp-block-image size-large\"><img loading=\"lazy\" decoding=\"async\" width=\"576\" height=\"1024\" data-id=\"409\" src=\"https:\/\/scentandsoul.fi\/wp-content\/uploads\/2025\/11\/Uunin-kuppilan-korvapuustit-576x1024.jpg\" alt=\"\" class=\"wp-image-409\" srcset=\"https:\/\/scentandsoul.fi\/wp-content\/uploads\/2025\/11\/Uunin-kuppilan-korvapuustit-576x1024.jpg 576w, https:\/\/scentandsoul.fi\/wp-content\/uploads\/2025\/11\/Uunin-kuppilan-korvapuustit-169x300.jpg 169w, https:\/\/scentandsoul.fi\/wp-content\/uploads\/2025\/11\/Uunin-kuppilan-korvapuustit-768x1365.jpg 768w, https:\/\/scentandsoul.fi\/wp-content\/uploads\/2025\/11\/Uunin-kuppilan-korvapuustit-864x1536.jpg 864w, https:\/\/scentandsoul.fi\/wp-content\/uploads\/2025\/11\/Uunin-kuppilan-korvapuustit-1152x2048.jpg 1152w, https:\/\/scentandsoul.fi\/wp-content\/uploads\/2025\/11\/Uunin-kuppilan-korvapuustit-scaled.jpg 1440w\" sizes=\"auto, (max-width: 576px) 100vw, 576px\" \/><\/figure>\n\n\n\n<figure class=\"wp-block-image size-large\"><img loading=\"lazy\" decoding=\"async\" width=\"1440\" height=\"2560\" data-id=\"408\" src=\"https:\/\/scentandsoul.fi\/wp-content\/uploads\/2025\/11\/Uunin-Kuppilan-croissantit-scaled.jpg\" alt=\"\" class=\"wp-image-408\" srcset=\"https:\/\/scentandsoul.fi\/wp-content\/uploads\/2025\/11\/Uunin-Kuppilan-croissantit-scaled.jpg 1440w, https:\/\/scentandsoul.fi\/wp-content\/uploads\/2025\/11\/Uunin-Kuppilan-croissantit-169x300.jpg 169w\" sizes=\"auto, (max-width: 1440px) 100vw, 1440px\" \/><\/figure>\n\n\n\n<figure class=\"wp-block-image size-large\"><img loading=\"lazy\" decoding=\"async\" width=\"576\" height=\"1024\" data-id=\"407\" src=\"https:\/\/scentandsoul.fi\/wp-content\/uploads\/2025\/11\/Mantelicroissant-ja-kahvi-576x1024.jpg\" alt=\"\" class=\"wp-image-407\" srcset=\"https:\/\/scentandsoul.fi\/wp-content\/uploads\/2025\/11\/Mantelicroissant-ja-kahvi-576x1024.jpg 576w, https:\/\/scentandsoul.fi\/wp-content\/uploads\/2025\/11\/Mantelicroissant-ja-kahvi-169x300.jpg 169w, https:\/\/scentandsoul.fi\/wp-content\/uploads\/2025\/11\/Mantelicroissant-ja-kahvi-768x1365.jpg 768w, https:\/\/scentandsoul.fi\/wp-content\/uploads\/2025\/11\/Mantelicroissant-ja-kahvi-864x1536.jpg 864w, https:\/\/scentandsoul.fi\/wp-content\/uploads\/2025\/11\/Mantelicroissant-ja-kahvi-1152x2048.jpg 1152w, https:\/\/scentandsoul.fi\/wp-content\/uploads\/2025\/11\/Mantelicroissant-ja-kahvi-scaled.jpg 1440w\" sizes=\"auto, (max-width: 576px) 100vw, 576px\" \/><\/figure>\n<\/figure>\n\n\n\n<div style=\"height:50px\" aria-hidden=\"true\" class=\"wp-block-spacer\"><\/div>\n\n\n\n<h2 class=\"wp-block-heading is-style-default\" id=\"majoittuminen\">Majoittuminen \/ Accommodation<\/h2>\n\n\n\n<p>Majoituksen voit halutessasi varata <a href=\"https:\/\/www.tehtaanhotelli.fi\/\">Tehtaan Hotellilta<\/a>, k\u00e4velymatkan p\u00e4\u00e4st\u00e4 tapahtumapaikasta, tai alueen <a href=\"https:\/\/www.airbnb.fi\/s\/Karkkila--Suomi\/homes?refinement_paths%5B%5D=%2Fhomes&amp;place_id=ChIJDVOQGHzZjUYRYQ25DauTrwQ&amp;acp_id=ee113c2b-087b-4c2b-8675-9fdb5b070e52&amp;date_picker_type=calendar&amp;checkin=2026-03-20&amp;checkout=2026-03-21&amp;search_type=unknown&amp;query=Karkkila%2C%20Suomi&amp;flexible_trip_lengths%5B%5D=one_week&amp;monthly_start_date=2026-01-01&amp;monthly_length=3&amp;monthly_end_date=2026-04-01&amp;search_mode=regular_search&amp;price_filter_input_type=2&amp;price_filter_num_nights=2&amp;channel=EXPLORE&amp;source=structured_search_input_header\">muista majoituspaikoista.<\/a><\/p>\n\n\n\n<hr class=\"wp-block-separator has-alpha-channel-opacity\"\/>\n\n\n\n<p>If you wish, you can book accommodation at <a href=\"https:\/\/www.tehtaanhotelli.fi\/\">Tehtaan Hotelli<\/a>, located within walking distance of the event venue. Also check other <a href=\"https:\/\/www.airbnb.co.uk\/s\/Karkkila--Suomi\/homes?refinement_paths%5B%5D=%2Fhomes&amp;place_id=ChIJDVOQGHzZjUYRYQ25DauTrwQ&amp;acp_id=ee113c2b-087b-4c2b-8675-9fdb5b070e52&amp;date_picker_type=calendar&amp;checkin=2026-03-20&amp;checkout=2026-03-21&amp;search_type=unknown&amp;query=Karkkila%2C%20Suomi&amp;flexible_trip_lengths%5B%5D=one_week&amp;monthly_start_date=2026-01-01&amp;monthly_length=3&amp;monthly_end_date=2026-04-01&amp;search_mode=regular_search&amp;price_filter_input_type=2&amp;price_filter_num_nights=2&amp;channel=EXPLORE&amp;source=structured_search_input_header&amp;_set_bev_on_new_domain=1759850244_EAYTZlMWNjMjA3NG&amp;set_everest_cookie_on_new_domain=1759850244.EAZWI0YmRiN2E0YzczMz.rqTkRBdOX1XLpvS7LfZrPmhxUK_wOjJVm2Ox1h5W-II\">accommodation options in the area<\/a>.<\/p>\n\n\n\n<div style=\"height:50px\" aria-hidden=\"true\" class=\"wp-block-spacer\"><\/div>\n\n\n\n<h2 class=\"wp-block-heading\" id=\"lehdist\u00f6\">Lehdist\u00f6 \/ Press<\/h2>\n\n\n\n<p>Median edustaja, olet l\u00e4mpim\u00e4sti tervetullut tapahtumaan. Esit\u00e4 pressikorttisi lipunmyynniss\u00e4.<\/p>\n\n\n\n<p>Ota yhteytt\u00e4 s\u00e4hk\u00f6postitse, jos kaipaat lis\u00e4tietoja tai haluat esimerkiksi l\u00e4hett\u00e4\u00e4 ennakkoon haastattelupyynn\u00f6n jollekin tapahtuman esiintyj\u00e4lle: hello@scentandsoul.fi<\/p>\n\n\n\n<hr class=\"wp-block-separator has-alpha-channel-opacity\"\/>\n\n\n\n<p>As a member of the media, you are warmly welcome to the event. Please present your press card at the ticket desk.<\/p>\n\n\n\n<p>Contact us by email if you need more information or would like to send a pre-arranged interview request to someone: hello@scentandsoul.fi<\/p>\n\n\n\n<p><\/p>\n","protected":false},"excerpt":{"rendered":"<p>Liput \/ Tickets Ohjelma \/ Program Tapahtumapaikka \/ Venue Saapuminen \/ Arrival Ruoka ja juoma \/ Food and Drink Majoittuminen \/ Accommodation Lehdist\u00f6 \/ Press Liput \/ Tickets Osta p\u00e4\u00e4sylippu ennakkoon t\u00e4st\u00e4. Buy your tickets in advance. Huom.: Liput ovelta 20 \u20ac \/ kpl Note: Tickets at the door 20 \u20ac \/ person Ohjelma \/ [&hellip;]<\/p>\n","protected":false},"author":2,"featured_media":0,"parent":0,"menu_order":0,"comment_status":"closed","ping_status":"closed","template":"","meta":{"iawp_total_views":1522,"footnotes":""},"class_list":["post-310","page","type-page","status-publish","hentry"],"yoast_head":"<!-- This site is optimized with the Yoast SEO plugin v27.4 - https:\/\/yoast.com\/product\/yoast-seo-wordpress\/ -->\n<title>Liput ja info - Scent&amp;Soul 2026 \/ Lauantai - Saturday 21.3.2026<\/title>\n<meta name=\"description\" content=\"Osta p\u00e4\u00e4sylippu tuoksutapahtumaan ennakkoon t\u00e4\u00e4lt\u00e4. Yksitt\u00e4iset liput sek\u00e4 nelj\u00e4n hengen kimppaliput edullisempaan hintaan.\" \/>\n<meta name=\"robots\" content=\"index, follow, max-snippet:-1, max-image-preview:large, max-video-preview:-1\" \/>\n<link rel=\"canonical\" href=\"https:\/\/scentandsoul.fi\/?page_id=310\" \/>\n<meta property=\"og:locale\" content=\"fi_FI\" \/>\n<meta property=\"og:type\" content=\"article\" \/>\n<meta property=\"og:title\" content=\"Liput ja info - Scent&amp;Soul 2026 \/ Lauantai - Saturday 21.3.2026\" \/>\n<meta property=\"og:description\" content=\"Osta p\u00e4\u00e4sylippu tuoksutapahtumaan ennakkoon t\u00e4\u00e4lt\u00e4. Yksitt\u00e4iset liput sek\u00e4 nelj\u00e4n hengen kimppaliput edullisempaan hintaan.\" \/>\n<meta property=\"og:url\" content=\"https:\/\/scentandsoul.fi\/?page_id=310\" \/>\n<meta property=\"og:site_name\" content=\"Scent&amp;Soul 2026 \/ Lauantai - Saturday 21.3.2026\" \/>\n<meta property=\"article:modified_time\" content=\"2026-03-18T10:12:25+00:00\" \/>\n<meta property=\"og:image\" content=\"https:\/\/scentandsoul.fi\/wp-content\/uploads\/2026\/03\/tapahtumaohjelma.png\" \/>\n\t<meta property=\"og:image:width\" content=\"1414\" \/>\n\t<meta property=\"og:image:height\" content=\"2000\" \/>\n\t<meta property=\"og:image:type\" content=\"image\/png\" \/>\n<meta name=\"twitter:card\" content=\"summary_large_image\" \/>\n<meta name=\"twitter:label1\" content=\"Arvioitu lukuaika\" \/>\n\t<meta name=\"twitter:data1\" content=\"6 minuuttia\" \/>\n<script type=\"application\/ld+json\" class=\"yoast-schema-graph\">{\"@context\":\"https:\\\/\\\/schema.org\",\"@graph\":[{\"@type\":\"WebPage\",\"@id\":\"https:\\\/\\\/scentandsoul.fi\\\/?page_id=310\",\"url\":\"https:\\\/\\\/scentandsoul.fi\\\/?page_id=310\",\"name\":\"Liput ja info - Scent&amp;Soul 2026 \\\/ Lauantai - Saturday 21.3.2026\",\"isPartOf\":{\"@id\":\"https:\\\/\\\/scentandsoul.fi\\\/#website\"},\"primaryImageOfPage\":{\"@id\":\"https:\\\/\\\/scentandsoul.fi\\\/?page_id=310#primaryimage\"},\"image\":{\"@id\":\"https:\\\/\\\/scentandsoul.fi\\\/?page_id=310#primaryimage\"},\"thumbnailUrl\":\"https:\\\/\\\/scentandsoul.fi\\\/wp-content\\\/uploads\\\/2026\\\/03\\\/tapahtumaohjelma.png\",\"datePublished\":\"2025-11-04T10:13:03+00:00\",\"dateModified\":\"2026-03-18T10:12:25+00:00\",\"description\":\"Osta p\u00e4\u00e4sylippu tuoksutapahtumaan ennakkoon t\u00e4\u00e4lt\u00e4. Yksitt\u00e4iset liput sek\u00e4 nelj\u00e4n hengen kimppaliput edullisempaan hintaan.\",\"breadcrumb\":{\"@id\":\"https:\\\/\\\/scentandsoul.fi\\\/?page_id=310#breadcrumb\"},\"inLanguage\":\"fi\",\"potentialAction\":[{\"@type\":\"ReadAction\",\"target\":[\"https:\\\/\\\/scentandsoul.fi\\\/?page_id=310\"]}]},{\"@type\":\"ImageObject\",\"inLanguage\":\"fi\",\"@id\":\"https:\\\/\\\/scentandsoul.fi\\\/?page_id=310#primaryimage\",\"url\":\"https:\\\/\\\/scentandsoul.fi\\\/wp-content\\\/uploads\\\/2026\\\/03\\\/tapahtumaohjelma.png\",\"contentUrl\":\"https:\\\/\\\/scentandsoul.fi\\\/wp-content\\\/uploads\\\/2026\\\/03\\\/tapahtumaohjelma.png\",\"width\":1414,\"height\":2000},{\"@type\":\"BreadcrumbList\",\"@id\":\"https:\\\/\\\/scentandsoul.fi\\\/?page_id=310#breadcrumb\",\"itemListElement\":[{\"@type\":\"ListItem\",\"position\":1,\"name\":\"Etusivu\",\"item\":\"https:\\\/\\\/scentandsoul.fi\\\/\"},{\"@type\":\"ListItem\",\"position\":2,\"name\":\"Liput ja info\"}]},{\"@type\":\"WebSite\",\"@id\":\"https:\\\/\\\/scentandsoul.fi\\\/#website\",\"url\":\"https:\\\/\\\/scentandsoul.fi\\\/\",\"name\":\"Scent&amp;Soul 2026 \\\/ Lauantai - Saturday 21.3.2026\",\"description\":\"Tuoksutapahtuma H&ouml;gforsin ruukissa\",\"potentialAction\":[{\"@type\":\"SearchAction\",\"target\":{\"@type\":\"EntryPoint\",\"urlTemplate\":\"https:\\\/\\\/scentandsoul.fi\\\/?s={search_term_string}\"},\"query-input\":{\"@type\":\"PropertyValueSpecification\",\"valueRequired\":true,\"valueName\":\"search_term_string\"}}],\"inLanguage\":\"fi\"}]}<\/script>\n<!-- \/ Yoast SEO plugin. -->","yoast_head_json":{"title":"Liput ja info - Scent&amp;Soul 2026 \/ Lauantai - Saturday 21.3.2026","description":"Osta p\u00e4\u00e4sylippu tuoksutapahtumaan ennakkoon t\u00e4\u00e4lt\u00e4. Yksitt\u00e4iset liput sek\u00e4 nelj\u00e4n hengen kimppaliput edullisempaan hintaan.","robots":{"index":"index","follow":"follow","max-snippet":"max-snippet:-1","max-image-preview":"max-image-preview:large","max-video-preview":"max-video-preview:-1"},"canonical":"https:\/\/scentandsoul.fi\/?page_id=310","og_locale":"fi_FI","og_type":"article","og_title":"Liput ja info - Scent&amp;Soul 2026 \/ Lauantai - Saturday 21.3.2026","og_description":"Osta p\u00e4\u00e4sylippu tuoksutapahtumaan ennakkoon t\u00e4\u00e4lt\u00e4. Yksitt\u00e4iset liput sek\u00e4 nelj\u00e4n hengen kimppaliput edullisempaan hintaan.","og_url":"https:\/\/scentandsoul.fi\/?page_id=310","og_site_name":"Scent&amp;Soul 2026 \/ Lauantai - Saturday 21.3.2026","article_modified_time":"2026-03-18T10:12:25+00:00","og_image":[{"width":1414,"height":2000,"url":"https:\/\/scentandsoul.fi\/wp-content\/uploads\/2026\/03\/tapahtumaohjelma.png","type":"image\/png"}],"twitter_card":"summary_large_image","twitter_misc":{"Arvioitu lukuaika":"6 minuuttia"},"schema":{"@context":"https:\/\/schema.org","@graph":[{"@type":"WebPage","@id":"https:\/\/scentandsoul.fi\/?page_id=310","url":"https:\/\/scentandsoul.fi\/?page_id=310","name":"Liput ja info - Scent&amp;Soul 2026 \/ Lauantai - Saturday 21.3.2026","isPartOf":{"@id":"https:\/\/scentandsoul.fi\/#website"},"primaryImageOfPage":{"@id":"https:\/\/scentandsoul.fi\/?page_id=310#primaryimage"},"image":{"@id":"https:\/\/scentandsoul.fi\/?page_id=310#primaryimage"},"thumbnailUrl":"https:\/\/scentandsoul.fi\/wp-content\/uploads\/2026\/03\/tapahtumaohjelma.png","datePublished":"2025-11-04T10:13:03+00:00","dateModified":"2026-03-18T10:12:25+00:00","description":"Osta p\u00e4\u00e4sylippu tuoksutapahtumaan ennakkoon t\u00e4\u00e4lt\u00e4. Yksitt\u00e4iset liput sek\u00e4 nelj\u00e4n hengen kimppaliput edullisempaan hintaan.","breadcrumb":{"@id":"https:\/\/scentandsoul.fi\/?page_id=310#breadcrumb"},"inLanguage":"fi","potentialAction":[{"@type":"ReadAction","target":["https:\/\/scentandsoul.fi\/?page_id=310"]}]},{"@type":"ImageObject","inLanguage":"fi","@id":"https:\/\/scentandsoul.fi\/?page_id=310#primaryimage","url":"https:\/\/scentandsoul.fi\/wp-content\/uploads\/2026\/03\/tapahtumaohjelma.png","contentUrl":"https:\/\/scentandsoul.fi\/wp-content\/uploads\/2026\/03\/tapahtumaohjelma.png","width":1414,"height":2000},{"@type":"BreadcrumbList","@id":"https:\/\/scentandsoul.fi\/?page_id=310#breadcrumb","itemListElement":[{"@type":"ListItem","position":1,"name":"Etusivu","item":"https:\/\/scentandsoul.fi\/"},{"@type":"ListItem","position":2,"name":"Liput ja info"}]},{"@type":"WebSite","@id":"https:\/\/scentandsoul.fi\/#website","url":"https:\/\/scentandsoul.fi\/","name":"Scent&amp;Soul 2026 \/ Lauantai - Saturday 21.3.2026","description":"Tuoksutapahtuma H&ouml;gforsin ruukissa","potentialAction":[{"@type":"SearchAction","target":{"@type":"EntryPoint","urlTemplate":"https:\/\/scentandsoul.fi\/?s={search_term_string}"},"query-input":{"@type":"PropertyValueSpecification","valueRequired":true,"valueName":"search_term_string"}}],"inLanguage":"fi"}]}},"_links":{"self":[{"href":"https:\/\/scentandsoul.fi\/index.php?rest_route=\/wp\/v2\/pages\/310","targetHints":{"allow":["GET"]}}],"collection":[{"href":"https:\/\/scentandsoul.fi\/index.php?rest_route=\/wp\/v2\/pages"}],"about":[{"href":"https:\/\/scentandsoul.fi\/index.php?rest_route=\/wp\/v2\/types\/page"}],"author":[{"embeddable":true,"href":"https:\/\/scentandsoul.fi\/index.php?rest_route=\/wp\/v2\/users\/2"}],"replies":[{"embeddable":true,"href":"https:\/\/scentandsoul.fi\/index.php?rest_route=%2Fwp%2Fv2%2Fcomments&post=310"}],"version-history":[{"count":34,"href":"https:\/\/scentandsoul.fi\/index.php?rest_route=\/wp\/v2\/pages\/310\/revisions"}],"predecessor-version":[{"id":748,"href":"https:\/\/scentandsoul.fi\/index.php?rest_route=\/wp\/v2\/pages\/310\/revisions\/748"}],"wp:attachment":[{"href":"https:\/\/scentandsoul.fi\/index.php?rest_route=%2Fwp%2Fv2%2Fmedia&parent=310"}],"curies":[{"name":"wp","href":"https:\/\/api.w.org\/{rel}","templated":true}]}}