{"id":740,"date":"2026-03-18T14:50:36","date_gmt":"2026-03-18T12:50:36","guid":{"rendered":"https:\/\/scentandsoul.fi\/?page_id=740"},"modified":"2026-03-18T14:54:26","modified_gmt":"2026-03-18T12:54:26","slug":"muu-ohjelma","status":"publish","type":"page","link":"https:\/\/scentandsoul.fi\/?page_id=740","title":{"rendered":"Muu ohjelma"},"content":{"rendered":"\n<div class=\"wp-block-group alignfull is-style-section-5 has-global-padding is-layout-constrained wp-block-group-is-layout-constrained is-style-section-5--1\" style=\"margin-top:0;margin-bottom:0;padding-top:var(--wp--preset--spacing--60);padding-bottom:var(--wp--preset--spacing--60)\">\n<div class=\"wp-block-columns alignwide is-layout-flex wp-container-core-columns-is-layout-643ced6b wp-block-columns-is-layout-flex\">\n<div class=\"wp-block-column is-layout-flow wp-block-column-is-layout-flow\" style=\"flex-basis:40%\">\n<figure class=\"wp-block-image size-full is-style-rounded\"><img loading=\"lazy\" decoding=\"async\" width=\"1772\" height=\"1772\" src=\"https:\/\/scentandsoul.fi\/wp-content\/uploads\/2025\/11\/scent-and-soul_insta-10.jpg\" alt=\"\" class=\"wp-image-386\" style=\"aspect-ratio:1;object-fit:cover\" srcset=\"https:\/\/scentandsoul.fi\/wp-content\/uploads\/2025\/11\/scent-and-soul_insta-10.jpg 1772w, https:\/\/scentandsoul.fi\/wp-content\/uploads\/2025\/11\/scent-and-soul_insta-10-300x300.jpg 300w, https:\/\/scentandsoul.fi\/wp-content\/uploads\/2025\/11\/scent-and-soul_insta-10-1024x1024.jpg 1024w, https:\/\/scentandsoul.fi\/wp-content\/uploads\/2025\/11\/scent-and-soul_insta-10-150x150.jpg 150w, https:\/\/scentandsoul.fi\/wp-content\/uploads\/2025\/11\/scent-and-soul_insta-10-768x768.jpg 768w, https:\/\/scentandsoul.fi\/wp-content\/uploads\/2025\/11\/scent-and-soul_insta-10-1536x1536.jpg 1536w\" sizes=\"auto, (max-width: 1772px) 100vw, 1772px\" \/><\/figure>\n<\/div>\n\n\n\n<div class=\"wp-block-column is-vertically-aligned-center is-layout-flow wp-container-core-column-is-layout-119bc444 wp-block-column-is-layout-flow\" style=\"flex-basis:60%\">\n<h2 class=\"wp-block-heading has-x-large-font-size\">Scent &amp; Soul on el\u00e4myksi\u00e4<\/h2>\n\n\n\n<p class=\"has-large-font-size\">Tervetuloa tutustumaan ainutlaatuiseen vintage-parfyymikokoelmaan sek\u00e4 arvuuttelemaan tuoksuja MALANKA Kosmetiikan Tuoksubaariin.<\/p>\n\n\n\n<hr class=\"wp-block-separator has-alpha-channel-opacity\"\/>\n\n\n\n<h2 class=\"wp-block-heading has-x-large-font-size\">Scent &amp; Soul is about Experiences<\/h2>\n\n\n\n<p>Welcome to explore a unique vintage perfume collection and test your senses by guessing different scents at the MALANKA Scent Bar.<\/p>\n<\/div>\n<\/div>\n<\/div>\n\n\n\n<div class=\"wp-block-group alignfull has-global-padding is-layout-constrained wp-block-group-is-layout-constrained\" style=\"margin-top:0;margin-bottom:0;padding-top:var(--wp--preset--spacing--50);padding-bottom:var(--wp--preset--spacing--50)\">\n<div class=\"wp-block-columns alignwide is-style-section-5 is-layout-flex wp-container-core-columns-is-layout-b6100464 wp-block-columns-is-layout-flex is-style-section-5--2\">\n<div class=\"wp-block-column is-vertically-aligned-center is-layout-flow wp-block-column-is-layout-flow\">\n<h2 class=\"wp-block-heading has-text-align-center has-xx-large-font-size\" style=\"margin-top:var(--wp--preset--spacing--20);margin-bottom:var(--wp--preset--spacing--20)\">Vintage Perfume Gallery<\/h2>\n\n\n\n<div style=\"height:10px\" aria-hidden=\"true\" class=\"wp-block-spacer\"><\/div>\n\n\n\n<p class=\"has-text-align-center is-style-default has-medium-font-size\" style=\"margin-right:var(--wp--preset--spacing--40);margin-left:var(--wp--preset--spacing--40)\">Vintage Perfume Gallery toimi aiemmin pop up -kauppana Hyryl\u00e4ss\u00e4. Galleria sulkeutui vuonna 2025, mutta jatkaa toimintaansa yksityistapahtumien kautta.<\/p>\n\n\n\n<p class=\"has-text-align-center is-style-default has-medium-font-size\" style=\"margin-right:var(--wp--preset--spacing--40);margin-left:var(--wp--preset--spacing--40)\">Scent&amp;Souliin Vintage Perfume Gallery tuo kattavan valikoiman vintageparfyymeja, painottuen erityisesti 1980- ja 1990-lukujen rohkeisiin ja tunnistettaviin tuoksuihin. N\u00e4yttely toteutetaan yhteisty\u00f6ss\u00e4 <a href=\"https:\/\/www.perfumecurious.com\/\">Perfume Curiouksen<\/a> kanssa ja se tarjoaa k\u00e4vij\u00f6ille mahdollisuuden sukeltaa menneiden vuosikymmenten tuoksutrendeihin ja estetiikkaan.<\/p>\n\n\n\n<p class=\"has-text-align-center is-style-default has-medium-font-size\" style=\"margin-right:var(--wp--preset--spacing--40);margin-left:var(--wp--preset--spacing--40)\">Perfume Curious pit\u00e4\u00e4 pisteell\u00e4 opastuksia, joissa tutustutaan syvemmin n\u00e4yttelyn valikoituihin tuoksuihin ja niiden tarinoihin.<\/p>\n\n\n\n<div style=\"height:10px\" aria-hidden=\"true\" class=\"wp-block-spacer\"><\/div>\n<\/div>\n\n\n\n<div class=\"wp-block-column is-vertically-aligned-center is-layout-flow wp-block-column-is-layout-flow\">\n<figure class=\"wp-block-image size-full is-resized\"><img loading=\"lazy\" decoding=\"async\" width=\"1920\" height=\"2560\" src=\"https:\/\/scentandsoul.fi\/wp-content\/uploads\/2026\/03\/IMG20250313154728-scaled.jpg\" alt=\"\" class=\"wp-image-741\" style=\"aspect-ratio:1;object-fit:cover;width:476px;height:auto\" srcset=\"https:\/\/scentandsoul.fi\/wp-content\/uploads\/2026\/03\/IMG20250313154728-scaled.jpg 1920w, https:\/\/scentandsoul.fi\/wp-content\/uploads\/2026\/03\/IMG20250313154728-225x300.jpg 225w\" sizes=\"auto, (max-width: 1920px) 100vw, 1920px\" \/><\/figure>\n<\/div>\n<\/div>\n<\/div>\n\n\n\n<p class=\"has-small-font-size\"><strong>Ohjelmamuutokset ovat mahdollisia. \/ Changes to the program are possible.<\/strong><\/p>\n","protected":false},"excerpt":{"rendered":"<p>Scent &amp; Soul on el\u00e4myksi\u00e4 Tervetuloa tutustumaan ainutlaatuiseen vintage-parfyymikokoelmaan sek\u00e4 arvuuttelemaan tuoksuja MALANKA Kosmetiikan Tuoksubaariin. Scent &amp; Soul is about Experiences Welcome to explore a unique vintage perfume collection and test your senses by guessing different scents at the MALANKA Scent Bar. Vintage Perfume Gallery Vintage Perfume Gallery toimi aiemmin pop up -kauppana Hyryl\u00e4ss\u00e4. Galleria [&hellip;]<\/p>\n","protected":false},"author":2,"featured_media":0,"parent":0,"menu_order":0,"comment_status":"closed","ping_status":"closed","template":"","meta":{"iawp_total_views":46,"footnotes":""},"class_list":["post-740","page","type-page","status-publish","hentry"],"yoast_head":"<!-- This site is optimized with the Yoast SEO plugin v27.3 - https:\/\/yoast.com\/product\/yoast-seo-wordpress\/ -->\n<title>Muu ohjelma - Scent&amp;Soul 2026 \/ Lauantai - Saturday 21.3.2026<\/title>\n<meta name=\"description\" content=\"Scent &amp; Soul -tuoksutapahtuma on ennen kaikkea el\u00e4myksi\u00e4. Tutustu vintage-parfyymikokoelmaan ja MALANKA Tuoksubaariin.\" \/>\n<meta name=\"robots\" content=\"index, follow, max-snippet:-1, max-image-preview:large, max-video-preview:-1\" \/>\n<link rel=\"canonical\" href=\"https:\/\/scentandsoul.fi\/?page_id=740\" \/>\n<meta property=\"og:locale\" content=\"fi_FI\" \/>\n<meta property=\"og:type\" content=\"article\" \/>\n<meta property=\"og:title\" content=\"Muu ohjelma - Scent&amp;Soul 2026 \/ Lauantai - Saturday 21.3.2026\" \/>\n<meta property=\"og:description\" content=\"Scent &amp; Soul -tuoksutapahtuma on ennen kaikkea el\u00e4myksi\u00e4. Tutustu vintage-parfyymikokoelmaan ja MALANKA Tuoksubaariin.\" \/>\n<meta property=\"og:url\" content=\"https:\/\/scentandsoul.fi\/?page_id=740\" \/>\n<meta property=\"og:site_name\" content=\"Scent&amp;Soul 2026 \/ Lauantai - Saturday 21.3.2026\" \/>\n<meta property=\"article:modified_time\" content=\"2026-03-18T12:54:26+00:00\" \/>\n<meta property=\"og:image\" content=\"https:\/\/scentandsoul.fi\/wp-content\/uploads\/2025\/11\/scent-and-soul_insta-10.jpg\" \/>\n\t<meta property=\"og:image:width\" content=\"1772\" \/>\n\t<meta property=\"og:image:height\" content=\"1772\" \/>\n\t<meta property=\"og:image:type\" content=\"image\/jpeg\" \/>\n<meta name=\"twitter:card\" content=\"summary_large_image\" \/>\n<meta name=\"twitter:label1\" content=\"Arvioitu lukuaika\" \/>\n\t<meta name=\"twitter:data1\" content=\"2 minuuttia\" \/>\n<script type=\"application\/ld+json\" class=\"yoast-schema-graph\">{\"@context\":\"https:\\\/\\\/schema.org\",\"@graph\":[{\"@type\":\"WebPage\",\"@id\":\"https:\\\/\\\/scentandsoul.fi\\\/?page_id=740\",\"url\":\"https:\\\/\\\/scentandsoul.fi\\\/?page_id=740\",\"name\":\"Muu ohjelma - Scent&amp;Soul 2026 \\\/ Lauantai - Saturday 21.3.2026\",\"isPartOf\":{\"@id\":\"https:\\\/\\\/scentandsoul.fi\\\/#website\"},\"primaryImageOfPage\":{\"@id\":\"https:\\\/\\\/scentandsoul.fi\\\/?page_id=740#primaryimage\"},\"image\":{\"@id\":\"https:\\\/\\\/scentandsoul.fi\\\/?page_id=740#primaryimage\"},\"thumbnailUrl\":\"https:\\\/\\\/scentandsoul.fi\\\/wp-content\\\/uploads\\\/2025\\\/11\\\/scent-and-soul_insta-10.jpg\",\"datePublished\":\"2026-03-18T12:50:36+00:00\",\"dateModified\":\"2026-03-18T12:54:26+00:00\",\"description\":\"Scent & Soul -tuoksutapahtuma on ennen kaikkea el\u00e4myksi\u00e4. Tutustu vintage-parfyymikokoelmaan ja MALANKA Tuoksubaariin.\",\"breadcrumb\":{\"@id\":\"https:\\\/\\\/scentandsoul.fi\\\/?page_id=740#breadcrumb\"},\"inLanguage\":\"fi\",\"potentialAction\":[{\"@type\":\"ReadAction\",\"target\":[\"https:\\\/\\\/scentandsoul.fi\\\/?page_id=740\"]}]},{\"@type\":\"ImageObject\",\"inLanguage\":\"fi\",\"@id\":\"https:\\\/\\\/scentandsoul.fi\\\/?page_id=740#primaryimage\",\"url\":\"https:\\\/\\\/scentandsoul.fi\\\/wp-content\\\/uploads\\\/2025\\\/11\\\/scent-and-soul_insta-10.jpg\",\"contentUrl\":\"https:\\\/\\\/scentandsoul.fi\\\/wp-content\\\/uploads\\\/2025\\\/11\\\/scent-and-soul_insta-10.jpg\",\"width\":1772,\"height\":1772},{\"@type\":\"BreadcrumbList\",\"@id\":\"https:\\\/\\\/scentandsoul.fi\\\/?page_id=740#breadcrumb\",\"itemListElement\":[{\"@type\":\"ListItem\",\"position\":1,\"name\":\"Etusivu\",\"item\":\"https:\\\/\\\/scentandsoul.fi\\\/\"},{\"@type\":\"ListItem\",\"position\":2,\"name\":\"Muu ohjelma\"}]},{\"@type\":\"WebSite\",\"@id\":\"https:\\\/\\\/scentandsoul.fi\\\/#website\",\"url\":\"https:\\\/\\\/scentandsoul.fi\\\/\",\"name\":\"Scent&amp;Soul 2026 \\\/ Lauantai - Saturday 21.3.2026\",\"description\":\"Tuoksutapahtuma H&ouml;gforsin ruukissa\",\"potentialAction\":[{\"@type\":\"SearchAction\",\"target\":{\"@type\":\"EntryPoint\",\"urlTemplate\":\"https:\\\/\\\/scentandsoul.fi\\\/?s={search_term_string}\"},\"query-input\":{\"@type\":\"PropertyValueSpecification\",\"valueRequired\":true,\"valueName\":\"search_term_string\"}}],\"inLanguage\":\"fi\"}]}<\/script>\n<!-- \/ Yoast SEO plugin. -->","yoast_head_json":{"title":"Muu ohjelma - Scent&amp;Soul 2026 \/ Lauantai - Saturday 21.3.2026","description":"Scent & Soul -tuoksutapahtuma on ennen kaikkea el\u00e4myksi\u00e4. Tutustu vintage-parfyymikokoelmaan ja MALANKA Tuoksubaariin.","robots":{"index":"index","follow":"follow","max-snippet":"max-snippet:-1","max-image-preview":"max-image-preview:large","max-video-preview":"max-video-preview:-1"},"canonical":"https:\/\/scentandsoul.fi\/?page_id=740","og_locale":"fi_FI","og_type":"article","og_title":"Muu ohjelma - Scent&amp;Soul 2026 \/ Lauantai - Saturday 21.3.2026","og_description":"Scent & Soul -tuoksutapahtuma on ennen kaikkea el\u00e4myksi\u00e4. Tutustu vintage-parfyymikokoelmaan ja MALANKA Tuoksubaariin.","og_url":"https:\/\/scentandsoul.fi\/?page_id=740","og_site_name":"Scent&amp;Soul 2026 \/ Lauantai - Saturday 21.3.2026","article_modified_time":"2026-03-18T12:54:26+00:00","og_image":[{"width":1772,"height":1772,"url":"https:\/\/scentandsoul.fi\/wp-content\/uploads\/2025\/11\/scent-and-soul_insta-10.jpg","type":"image\/jpeg"}],"twitter_card":"summary_large_image","twitter_misc":{"Arvioitu lukuaika":"2 minuuttia"},"schema":{"@context":"https:\/\/schema.org","@graph":[{"@type":"WebPage","@id":"https:\/\/scentandsoul.fi\/?page_id=740","url":"https:\/\/scentandsoul.fi\/?page_id=740","name":"Muu ohjelma - Scent&amp;Soul 2026 \/ Lauantai - Saturday 21.3.2026","isPartOf":{"@id":"https:\/\/scentandsoul.fi\/#website"},"primaryImageOfPage":{"@id":"https:\/\/scentandsoul.fi\/?page_id=740#primaryimage"},"image":{"@id":"https:\/\/scentandsoul.fi\/?page_id=740#primaryimage"},"thumbnailUrl":"https:\/\/scentandsoul.fi\/wp-content\/uploads\/2025\/11\/scent-and-soul_insta-10.jpg","datePublished":"2026-03-18T12:50:36+00:00","dateModified":"2026-03-18T12:54:26+00:00","description":"Scent & Soul -tuoksutapahtuma on ennen kaikkea el\u00e4myksi\u00e4. Tutustu vintage-parfyymikokoelmaan ja MALANKA Tuoksubaariin.","breadcrumb":{"@id":"https:\/\/scentandsoul.fi\/?page_id=740#breadcrumb"},"inLanguage":"fi","potentialAction":[{"@type":"ReadAction","target":["https:\/\/scentandsoul.fi\/?page_id=740"]}]},{"@type":"ImageObject","inLanguage":"fi","@id":"https:\/\/scentandsoul.fi\/?page_id=740#primaryimage","url":"https:\/\/scentandsoul.fi\/wp-content\/uploads\/2025\/11\/scent-and-soul_insta-10.jpg","contentUrl":"https:\/\/scentandsoul.fi\/wp-content\/uploads\/2025\/11\/scent-and-soul_insta-10.jpg","width":1772,"height":1772},{"@type":"BreadcrumbList","@id":"https:\/\/scentandsoul.fi\/?page_id=740#breadcrumb","itemListElement":[{"@type":"ListItem","position":1,"name":"Etusivu","item":"https:\/\/scentandsoul.fi\/"},{"@type":"ListItem","position":2,"name":"Muu ohjelma"}]},{"@type":"WebSite","@id":"https:\/\/scentandsoul.fi\/#website","url":"https:\/\/scentandsoul.fi\/","name":"Scent&amp;Soul 2026 \/ Lauantai - Saturday 21.3.2026","description":"Tuoksutapahtuma H&ouml;gforsin ruukissa","potentialAction":[{"@type":"SearchAction","target":{"@type":"EntryPoint","urlTemplate":"https:\/\/scentandsoul.fi\/?s={search_term_string}"},"query-input":{"@type":"PropertyValueSpecification","valueRequired":true,"valueName":"search_term_string"}}],"inLanguage":"fi"}]}},"_links":{"self":[{"href":"https:\/\/scentandsoul.fi\/index.php?rest_route=\/wp\/v2\/pages\/740","targetHints":{"allow":["GET"]}}],"collection":[{"href":"https:\/\/scentandsoul.fi\/index.php?rest_route=\/wp\/v2\/pages"}],"about":[{"href":"https:\/\/scentandsoul.fi\/index.php?rest_route=\/wp\/v2\/types\/page"}],"author":[{"embeddable":true,"href":"https:\/\/scentandsoul.fi\/index.php?rest_route=\/wp\/v2\/users\/2"}],"replies":[{"embeddable":true,"href":"https:\/\/scentandsoul.fi\/index.php?rest_route=%2Fwp%2Fv2%2Fcomments&post=740"}],"version-history":[{"count":4,"href":"https:\/\/scentandsoul.fi\/index.php?rest_route=\/wp\/v2\/pages\/740\/revisions"}],"predecessor-version":[{"id":751,"href":"https:\/\/scentandsoul.fi\/index.php?rest_route=\/wp\/v2\/pages\/740\/revisions\/751"}],"wp:attachment":[{"href":"https:\/\/scentandsoul.fi\/index.php?rest_route=%2Fwp%2Fv2%2Fmedia&parent=740"}],"curies":[{"name":"wp","href":"https:\/\/api.w.org\/{rel}","templated":true}]}}